{"id":1734,"date":"2017-10-18T14:26:57","date_gmt":"2017-10-18T12:26:57","guid":{"rendered":"https:\/\/www.dragonnewenergy.com\/despre-noi\/"},"modified":"2025-02-13T16:57:54","modified_gmt":"2025-02-13T15:57:54","slug":"despre-noi","status":"publish","type":"page","link":"https:\/\/www.dragonnewenergy.com\/ro\/despre-noi\/","title":{"rendered":"Despre noi"},"content":{"rendered":"<div class=\"wpb-content-wrapper\"><p>[vc_row css_animation=&#8221;&#8221; row_type=&#8221;row&#8221; use_row_as_full_screen_section=&#8221;no&#8221; type=&#8221;full_width&#8221; angled_section=&#8221;no&#8221; text_align=&#8221;left&#8221; background_image_as_pattern=&#8221;without_pattern&#8221;][vc_column]\n\t\t\t\t<p class=\"rs-p-wp-fix\"><\/p>\n\t\t\t\t<sr7-module data-alias=\"slider-about-1\" data-id=\"15\" id=\"SR7_15_1\" class=\"rs-ov-hidden\" data-version=\"6.7.51\">\n\t\t\t\t\t<sr7-adjuster><\/sr7-adjuster>\n\t\t\t\t\t<sr7-content>\n\t\t\t\t\t\t<sr7-slide id=\"SR7_15_1-32\" data-key=\"32\">\n\t\t\t\t\t\t\t<sr7-bg id=\"SR7_15_1-32-1\" class=\"sr7-layer\"><noscript><img decoding=\"async\" src=\"https:\/\/www.dragonnewenergy.com\/wp-content\/uploads\/Referenzbild-3.jpg\" alt=\"\" title=\"Referenzbild-3\"><\/noscript><\/sr7-bg>\n\t\t\t\t\t\t<\/sr7-slide>\n\t\t\t\t\t\t<sr7-slide id=\"SR7_15_1-65\" data-key=\"65\">\n\t\t\t\t\t\t<\/sr7-slide>\n\t\t\t\t\t<\/sr7-content>\n\t\t\t\t\t<image_lists style=\"display:none\">\n\t\t\t\t\t\t<img data-src=\"\/\/www.dragonnewenergy.com\/wp-content\/uploads\/Referenzbild-3.jpg\" data-libid=\"1991\" data-lib=\"medialibrary\" title=\"Referenzbild-3\" width=\"0\" height=\"0\" data-dbsrc=\"Ly93d3cuZHJhZ29ubmV3ZW5lcmd5LmNvbS93cC1jb250ZW50L3VwbG9hZHMvUmVmZXJlbnpiaWxkLTMuanBn\"\/>\n\t\t\t\t\t<\/image_lists>\n\t\t\t\t<\/sr7-module>\n\t\t\t\t<script>\n\t\t\t\t\twindow.SR7 ??={};SR7.PMH ??={}; SR7.PMH[\"SR7_15_1\"] = {cn:100,state:false,fn: function() { if (window._tpt!==undefined && window._tpt.prepareModuleHeight !== undefined) {  _tpt.prepareModuleHeight({id:\"SR7_15_1\",el:[600,600,768,960,720],type:'standard',shdw:'0',gh:[600,600,700,1000,720],gw:[1240,1240,1024,778,480],vpt:['-100px&#039;,&#039;-100px&#039;,&#039;-100px&#039;,&#039;-100px&#039;,&#039;-100px'],size:{fullWidth:false, fullHeight:false},mh:'0',onh:0,onw:0,bg:{color:'{\"type\":\"solid\",\"orig\":\"#ffcc00\",\"string\":\"rgba(255, 204, 0, 1)\"}'}});   SR7.PMH[\"SR7_15_1\"].state=true;} else if(SR7.PMH[\"SR7_15_1\"].cn-->0)\tsetTimeout( SR7.PMH[\"SR7_15_1\"].fn,19);}};SR7.PMH[\"SR7_15_1\" ].fn();\n\t\t\t\t<\/script>\n[\/vc_column][\/vc_row][vc_row css_animation=&#8221;&#8221; row_type=&#8221;row&#8221; use_row_as_full_screen_section=&#8221;no&#8221; type=&#8221;full_width&#8221; angled_section=&#8221;no&#8221; text_align=&#8221;left&#8221; background_image_as_pattern=&#8221;with_pattern&#8221; z_index=&#8221;&#8221; background_image=&#8221;1845&#8243; css=&#8221;.vc_custom_1739461491195{padding-top: 150px !important;padding-bottom: 150px !important;}&#8221;][vc_column width=&#8221;1\/6&#8243;][\/vc_column][vc_column width=&#8221;2\/3&#8243; css=&#8221;.vc_custom_1739461420111{padding-top: 75px !important;padding-bottom: 25px !important;background-color: #FFFFFF !important;}&#8221; el_class=&#8221;shadowb1&#8243;][vc_single_image image=&#8221;677&#8243; img_size=&#8221;full&#8221; alignment=&#8221;center&#8221; css=&#8221;&#8221; qode_css_animation=&#8221;element_from_fade&#8221;][vc_column_text css=&#8221;.vc_custom_1739461334014{padding-top: 5px !important;padding-right: 50px !important;padding-bottom: 50px !important;padding-left: 50px !important;background-color: #ffffff !important;}&#8221;]<\/p>\n<p style=\"text-align: center;\">Viziunea noastr\u0103 este o lume \u00een care energiile regenerabile sunt principala surs\u0103 de aprovizionare cu energie. S\u0103 contribuim la tranzi\u021bia energetic\u0103 global\u0103 prin proiectele \u0219i ini\u021biativele noastre, pentru a asigura o planet\u0103 durabil\u0103 \u0219i ecologic\u0103 pentru genera\u021biile viitoare. Proiectul nostru actual este un proiect fotovoltaic de pionierat \u00een Jamu Mare, Rom\u00e2nia.<\/p>\n<p>[\/vc_column_text][\/vc_column][vc_column width=&#8221;1\/6&#8243;][\/vc_column][\/vc_row][vc_row css_animation=&#8221;&#8221; row_type=&#8221;row&#8221; use_row_as_full_screen_section=&#8221;no&#8221; type=&#8221;full_width&#8221; angled_section=&#8221;no&#8221; text_align=&#8221;left&#8221; video=&#8221;show_video&#8221; background_image_as_pattern=&#8221;with_pattern&#8221; z_index=&#8221;&#8221; background_image=&#8221;1021&#8243; css=&#8221;.vc_custom_1739461670510{padding-top: 150px !important;padding-bottom: 150px !important;}&#8221; video_mp4=&#8221;https:\/\/www.dragonnewenergy.com\/wp-content\/uploads\/3519561565-preview.mp4&#8243; video_image=&#8221;1021&#8243;][vc_column width=&#8221;1\/6&#8243;][\/vc_column][vc_column width=&#8221;2\/3&#8243; css=&#8221;.vc_custom_1739461733640{background-color: #FFFFFF !important;}&#8221; el_class=&#8221;shadowb1&#8243;][vc_column_text css=&#8221;.vc_custom_1739461880229{padding-top: 4% !important;padding-right: 6% !important;padding-bottom: 7% !important;padding-left: 6% !important;background-color: #ffffff !important;}&#8221;]<\/p>\n<p style=\"text-align: left;\">PENTRU UN VIITOR MAI ECOLOGIC &#8211; M\u00c2N\u0102 \u00ceN M\u00c2N\u0102 CU FAMILIA ZIMMERMANN<\/p>\n<p style=\"text-align: left;\"><strong>Rom\u00e2nia &#8211; \u00een viitor cu Banat Solar<\/strong><\/p>\n<p style=\"text-align: left;\">Cu 800 gigawa\u021bi or\u0103 de energie solar\u0103 pe an, vom furniza aproximativ 200 000 de gospod\u0103rii cu energie electric\u0103 regenerabil\u0103 \u0219i vom economisi aproximativ 500 de milioane de tone de CO2 \u00een acest proces.<\/p>\n<p style=\"text-align: left;\">Familia Zimmermann modeleaz\u0103 peisajul agricol din pitorescul Banat de peste 20 de ani. Cu un accent clar pe durabilitate \u0219i conservarea resurselor, ace\u0219tia au transformat cu succes peste 7 000 de hectare de terenuri necultivate \u00een terenuri agricole fertile \u00een cadrul companiei lor de agricultur\u0103 banat, folosind tehnologie agricol\u0103 de ultim\u0103 genera\u021bie \u0219i metode de cultivare inovatoare.<\/p>\n<p style=\"text-align: left;\">Familia Zimmermann este preg\u0103tit\u0103 s\u0103 stabileasc\u0103 noi obiective \u0219i s\u0103 \u00ee\u0219i asume responsabilitatea pentru cre\u0219terea care va asigura viitorul oamenilor \u0219i al regiunii. Av\u00e2nd \u00een vedere experien\u021bele pozitive din trecut, afacerea de familie a decis s\u0103 fac\u0103 un nou pas c\u0103tre dezvoltarea durabil\u0103 cu banat solar jamu mare.<\/p>\n<p style=\"text-align: left;\">Pentru a realiza cu succes aceast\u0103 viziune, familia a c\u0103utat doi parteneri puternici \u00een 2022 \u0219i a \u00eenfiin\u021bat dragon new energy holding GmbH. Cei trei fondatori combin\u0103 accesul la terenuri adecvate \u0219i \u00eenvecinate, capacitatea de a achizi\u021biona echipamentele necesare, expertiza necesar\u0103 pentru dezvoltarea \u0219i construirea centralei \u0219i pentru comercializarea energiei electrice generate. Prin reunirea for\u021belor lor, a fost creat\u0103 o companie capabil\u0103 s\u0103 realizeze cu succes un proiect de aceast\u0103 amploare. Scopul este de a utiliza terenurile agricole cu valoare redus\u0103 din regiune pentru produc\u021bia fotovoltaic\u0103.<\/p>\n<p style=\"text-align: left;\">Au fost deja atinse etape importante:<\/p>\n<ul style=\"text-align: left;\">\n<li>Leasinguri pe termen lung p\u00e2n\u0103 \u00een 2063 pentru aproape 800 de hectare de teren<\/li>\n<\/ul>\n<ul style=\"text-align: left;\">\n<li>Studiile topografice \u0219i pedologice au ar\u0103tat c\u0103 zonele sunt foarte potrivite pentru parcurile solare<\/li>\n<li>Certificatele de urbanism au fost eliberate cu succes<\/li>\n<li>Cererea de racordare la re\u021bea a fost depus\u0103<\/li>\n<li>Planurile ini\u021biale \u0219i planificarea aproximativ\u0103 prev\u0103d aproximativ 700 MWp DC \u0219i 525 MWp AC, cu un volum total de investi\u021bii de aproximativ 400 de milioane de euro<\/li>\n<\/ul>\n<p style=\"text-align: left;\">\u00cempreun\u0103, putem realiza viziunea unei regiuni ecologice \u0219i stabile din punct de vedere economic. Spiritul vremurilor din Rom\u00e2nia este potrivit pentru a profita de oportunit\u0103\u021bi \u0219i pentru a deveni un pionier.<\/p>\n<p>[\/vc_column_text][\/vc_column][vc_column width=&#8221;1\/6&#8243;][\/vc_column][\/vc_row][vc_row css_animation=&#8221;&#8221; row_type=&#8221;row&#8221; use_row_as_full_screen_section=&#8221;no&#8221; type=&#8221;full_width&#8221; angled_section=&#8221;no&#8221; text_align=&#8221;left&#8221; background_image_as_pattern=&#8221;with_pattern&#8221; css=&#8221;.vc_custom_1736134218131{background-color: #f2f2f2 !important;background-position: 0 0 !important;background-repeat: repeat !important;}&#8221; row_title=&#8221;firmen&#8221; anchor=&#8221;founders&#8221; z_index=&#8221;&#8221; background_image=&#8221;1841&#8243; el_id=&#8221;founders&#8221; el_class=&#8221;bgposm15&#8243;][vc_column css=&#8221;.vc_custom_1733712632776{padding-top: 20px !important;padding-bottom: 20px !important;}&#8221;][vc_empty_space el_class=&#8221;empty-del&#8221;][vc_empty_space el_class=&#8221;empty-del&#8221;][vc_empty_space el_class=&#8221;empty-del&#8221;][vc_empty_space el_class=&#8221;empty-del&#8221;][vc_row_inner row_type=&#8221;row&#8221; type=&#8221;grid&#8221; text_align=&#8221;left&#8221; css_animation=&#8221;&#8221; css=&#8221;.vc_custom_1736133890819{background-position: 0 0 !important;background-repeat: repeat !important;}&#8221; anchor=&#8221;founders&#8221;][vc_column_inner el_class=&#8221;parto1 shadowb1&#8243; width=&#8221;1\/3&#8243; css=&#8221;.vc_custom_1736133091654{margin-top: 0px !important;margin-right: 0px !important;margin-left: 0px !important;padding-top: 0px !important;padding-right: 0px !important;padding-bottom: 25px !important;padding-left: 0px !important;}&#8221;][vc_single_image image=&#8221;961&#8243; img_size=&#8221;full&#8221; alignment=&#8221;center&#8221; css=&#8221;.vc_custom_1736211183759{padding-top: 20px !important;}&#8221; qode_css_animation=&#8221;element_from_fade&#8221; transition_delay=&#8221;0.4&#8243; el_class=&#8221;shadow partpic1&#8243;][vc_column_text css=&#8221;.vc_custom_1733870104420{margin-right: 2px !important;margin-left: 2px !important;padding-top: 0px !important;padding-right: 22px !important;padding-bottom: 16px !important;padding-left: 22px !important;}&#8221; el_class=&#8221;part1&#8243;]Experien\u021ba noastr\u0103 provine din zeci de ani de administrare interna\u021bional\u0103 \u0219i independent\u0103 a unor companii din sectoarele logistic, IT \u0219i al serviciilor financiare, alimentar, comer\u021b cu ridicata \u0219i cu am\u0103nuntul, catering \u0219i propriet\u0103\u021bi comerciale. Cuno\u0219tin\u021bele noastre aprofundate privind pie\u021bele financiare \u0219i achizi\u021biile de capital constituie baza pentru proiecte profitabile, orientate spre viitor.[\/vc_column_text][\/vc_column_inner][vc_column_inner el_class=&#8221;parto1 shadowb1&#8243; width=&#8221;1\/3&#8243; css=&#8221;.vc_custom_1733712063639{padding-bottom: 25px !important;background-color: #FFFFFF !important;}&#8221;][vc_single_image image=&#8221;962&#8243; img_size=&#8221;full&#8221; alignment=&#8221;center&#8221; css=&#8221;&#8221; qode_css_animation=&#8221;element_from_fade&#8221; transition_delay=&#8221;0.8&#8243; el_class=&#8221;shadow&#8221;][vc_column_text css=&#8221;.vc_custom_1733870109405{margin-right: 2px !important;margin-left: 2px !important;padding-top: 0px !important;padding-right: 22px !important;padding-bottom: 16px !important;padding-left: 22px !important;}&#8221; el_class=&#8221;part1&#8243;]FAMOUS dezvolt\u0103 \u0219i realizeaz\u0103 cu succes proiecte cu companii chineze de peste 30 de ani \u0219i a implementat, de asemenea, proiecte de renume interna\u021bional \u00een aceast\u0103 perioad\u0103, cum ar fi relocarea \u00eentregii cocserii Kaiserstuhl \u00een China. \u00cen prezent, FAMOUS sprijin\u0103 companiile energetice chineze \u00een crearea de proiecte de energie regenerabil\u0103 \u00een Europa. Acestea sunt proiecte la scar\u0103 larg\u0103 \u00een care partenerii chinezi contribuie la inginerie, achizi\u021bii, construc\u021bie \u0219i finan\u021bare.[\/vc_column_text][\/vc_column_inner][vc_column_inner el_class=&#8221;parto1 shadowb1&#8243; width=&#8221;1\/3&#8243; css=&#8221;.vc_custom_1733712065905{padding-bottom: 25px !important;background-color: #FFFFFF !important;}&#8221;][vc_single_image image=&#8221;963&#8243; img_size=&#8221;full&#8221; alignment=&#8221;center&#8221; css=&#8221;&#8221; qode_css_animation=&#8221;element_from_fade&#8221; transition_delay=&#8221;1.2&#8243; el_class=&#8221;shadow&#8221;][vc_column_text css=&#8221;.vc_custom_1735392724699{margin-right: 2px !important;margin-left: 2px !important;padding-top: 0px !important;padding-right: 22px !important;padding-bottom: 16px !important;padding-left: 22px !important;}&#8221; el_class=&#8221;part1 shadow1&#8243;]\u00cempreun\u0103 cu fondatorul \u0219i directorul s\u0103u general, Michael Veit, wavecapital reprezint\u0103 de aproape 20 de ani expertiza \u00een industria energetic\u0103, cu accent pe dezvoltarea afacerilor \u0219i v\u00e2nz\u0103ri. Michael a lucrat timp de 12 ani ca director general \u0219i membru al consiliului de administra\u021bie la diver\u0219i furnizori de energie din Germania, inclusiv ca semnatar autorizat \u0219i director general \u00een cadrul grupului SWK St\u00e4dtische Werke Krefeld, ca director de v\u00e2nz\u0103ri la TEAG \u0219i, cel mai recent, ca CRO la LEAG. \u00cen ceilal\u021bi 8 ani a lucrat ca consultant \u00een management pentru diverse companii, cel mai recent fiind partener la Capgemini Invent. \u00cen acest rol, a consiliat furnizorii de energie \u00een domeniile digitaliz\u0103rii \u0219i v\u00e2nz\u0103rilor. Michael va prelua managementul opera\u021bional \u0219i managementul proiectelor la Dragon \u0219i Banat.[\/vc_column_text][\/vc_column_inner][\/vc_row_inner][vc_empty_space el_class=&#8221;empty-del&#8221;][vc_empty_space el_class=&#8221;empty-del&#8221;][vc_empty_space el_class=&#8221;empty-del&#8221;][vc_empty_space el_class=&#8221;empty-del&#8221;][\/vc_column][\/vc_row][vc_row css_animation=&#8221;&#8221; row_type=&#8221;row&#8221; use_row_as_full_screen_section=&#8221;no&#8221; type=&#8221;full_width&#8221; angled_section=&#8221;no&#8221; text_align=&#8221;center&#8221; background_image_as_pattern=&#8221;without_pattern&#8221; z_index=&#8221;&#8221; css=&#8221;.vc_custom_1733871103690{background-color: #F7F7F7 !important;}&#8221;][vc_column]\n\t\t\t\t<p class=\"rs-p-wp-fix\"><\/p>\n\t\t\t\t<sr7-module data-alias=\"slider-partner-1\" data-id=\"17\" id=\"SR7_17_2\" class=\"rs-ov-hidden\" data-version=\"6.7.51\">\n\t\t\t\t\t<sr7-adjuster><\/sr7-adjuster>\n\t\t\t\t\t<sr7-content>\n\t\t\t\t\t\t<sr7-carousel>\n\t\t\t\t\t\t<sr7-slide id=\"SR7_17_2-37\" data-key=\"37\">\n\t\t\t\t\t\t\t<sr7-txt id=\"SR7_17_2-37-5\" class=\"sr7-layer\">Energy Partners ist ein Team von Fachleuten mit umfassender Erfahrung in der Entwicklung, Planung und technischen Umsetzung von Projekten im Bereich erneuerbare Energien, der Strukturierung von Gesch\u00e4ftsabschl\u00fcssen, der Bereitstellung von Finanzierungsl\u00f6sungen sowie im regulatorischen Marktumfeld in Rum\u00e4nien.<\/sr7-txt>\n\t\t\t\t\t\t<\/sr7-slide>\n\t\t\t\t\t\t<sr7-slide id=\"SR7_17_2-38\" data-key=\"38\">\n\t\t\t\t\t\t\t<sr7-txt id=\"SR7_17_2-38-5\" class=\"sr7-layer\">Fiodorov & Partners (AFP) ist eine spezialisierte Anwaltskanzlei, die aus einem Team hochqualifizierter Fachleute besteht und eine umfassende Palette von juristischen Dienstleistungen anbietet, die pr\u00e4zise und effizient auf die Bed\u00fcrfnisse der Mandanten zugeschnitten sind. Die Kanzlei verf\u00fcgt \u00fcber Expertise in der Strukturierung und Verhandlung von Transaktionen sowie in der Vertretung von Mandanten vor Gericht und gegen\u00fcber \u00f6ffentlichen Beh\u00f6rden. Am 20. September 2024 wurde AFP bei der Romanian Legal Awards Gala mit dem renommierten Energy Award ausgezeichnet, was die Exzellenz der Kanzlei im Energierecht anerkennt. Diese Auszeichnung spiegelt das Engagement der Kanzlei wider, den rechtlichen Rahmen Rum\u00e4niens in den Bereichen Energie und Nachhaltigkeit zu verbessern.<\/sr7-txt>\n\t\t\t\t\t\t<\/sr7-slide>\n\t\t\t\t\t\t<sr7-slide id=\"SR7_17_2-67\" data-key=\"67\">\n\t\t\t\t\t\t<\/sr7-slide>\n\t\t\t\t\t\t<\/sr7-carousel>\n\t\t\t\t\t<\/sr7-content>\n\t\t\t\t\t<image_lists style=\"display:none\">\n\t\t\t\t\t\t<img data-src=\"\/\/www.dragonnewenergy.com\/wp-content\/uploads\/solar_panel_seamless_texture_clean4.jpg\" width=\"0\" height=\"0\" data-dbsrc=\"Ly93d3cuZHJhZ29ubmV3ZW5lcmd5LmNvbS93cC1jb250ZW50L3VwbG9hZHMvc29sYXJfcGFuZWxfc2VhbWxlc3NfdGV4dHVyZV9jbGVhbjQuanBn\"\/>\n\t\t\t\t\t\t<img data-src=\"\/\/www.dragonnewenergy.com\/wp-content\/uploads\/partner_zm3.png\" data-libid=\"961\" data-lib=\"medialibrary\" title=\"Zimmermann Investment\" width=\"0\" height=\"0\" data-dbsrc=\"Ly93d3cuZHJhZ29ubmV3ZW5lcmd5LmNvbS93cC1jb250ZW50L3VwbG9hZHMvcGFydG5lcl96bTMucG5n\"\/>\n\t\t\t\t\t\t<img data-src=\"\/\/www.dragonnewenergy.com\/wp-content\/uploads\/partner_famous2.png\" data-libid=\"962\" data-lib=\"medialibrary\" title=\"FAMOUS Germany\" width=\"0\" height=\"0\" data-dbsrc=\"Ly93d3cuZHJhZ29ubmV3ZW5lcmd5LmNvbS93cC1jb250ZW50L3VwbG9hZHMvcGFydG5lcl9mYW1vdXMyLnBuZw==\"\/>\n\t\t\t\t\t\t<img data-src=\"\/\/www.dragonnewenergy.com\/wp-content\/uploads\/partner_wavecap2.png\" data-libid=\"963\" data-lib=\"medialibrary\" title=\"Wavecapital\" width=\"0\" height=\"0\" data-dbsrc=\"Ly93d3cuZHJhZ29ubmV3ZW5lcmd5LmNvbS93cC1jb250ZW50L3VwbG9hZHMvcGFydG5lcl93YXZlY2FwMi5wbmc=\"\/>\n\t\t\t\t\t\t<img data-src=\"\/\/www.dragonnewenergy.com\/wp-content\/uploads\/energy-partners-logo4.png\" data-libid=\"1092\" data-lib=\"medialibrary\" title=\"Energy Partners\" width=\"0\" height=\"0\" data-dbsrc=\"Ly93d3cuZHJhZ29ubmV3ZW5lcmd5LmNvbS93cC1jb250ZW50L3VwbG9hZHMvZW5lcmd5LXBhcnRuZXJzLWxvZ280LnBuZw==\"\/>\n\t\t\t\t\t\t<img data-src=\"\/\/www.dragonnewenergy.com\/wp-content\/uploads\/Fiodorov-and-Partners-Logo-Bg-Transparent.png\" data-libid=\"1093\" data-lib=\"medialibrary\" title=\"Fiodorov and Partners\" width=\"0\" height=\"0\" data-dbsrc=\"Ly93d3cuZHJhZ29ubmV3ZW5lcmd5LmNvbS93cC1jb250ZW50L3VwbG9hZHMvRmlvZG9yb3YtYW5kLVBhcnRuZXJzLUxvZ28tQmctVHJhbnNwYXJlbnQucG5n\"\/>\n\t\t\t\t\t<\/image_lists>\n\t\t\t\t<\/sr7-module>\n\t\t\t\t<script>\n\t\t\t\t\twindow.SR7 ??={};SR7.PMH ??={}; SR7.PMH[\"SR7_17_2\"] = {cn:100,state:false,fn: function() { if (window._tpt!==undefined && window._tpt.prepareModuleHeight !== undefined) {  _tpt.prepareModuleHeight({id:\"SR7_17_2\",el:[550,550,650,1200,1000],type:'carousel',shdw:'0',gh:[550,550,850,1300,1000],gw:[1400,1400,1024,778,480],vpt:['-100px&#039;,&#039;-100px&#039;,&#039;-100px&#039;,&#039;-100px&#039;,&#039;-100px'],size:{fullWidth:true, fullHeight:false},mh:'0',onh:0,onw:0,bg:{color:'{\"orig\":\"transparent\",\"type\":\"solid\",\"string\":\"transparent\"}',image:{src:'https:\/\/www.dragonnewenergy.com\/wp-content\/uploads\/solar_panel_seamless_texture_clean4.jpg',size:'normal',position:'0% 0%',repeat:'repeat'}},carousel:{pt:'150',pb:'150'}});   SR7.PMH[\"SR7_17_2\"].state=true;} else if(SR7.PMH[\"SR7_17_2\"].cn-->0)\tsetTimeout( SR7.PMH[\"SR7_17_2\"].fn,19);}};SR7.PMH[\"SR7_17_2\" ].fn();\n\t\t\t\t<\/script>\n[\/vc_column][\/vc_row][vc_row css_animation=&#8221;&#8221; row_type=&#8221;row&#8221; use_row_as_full_screen_section=&#8221;no&#8221; type=&#8221;grid&#8221; angled_section=&#8221;no&#8221; text_align=&#8221;left&#8221; background_image_as_pattern=&#8221;without_pattern&#8221; z_index=&#8221;&#8221;][vc_column][vc_column_text css=&#8221;.vc_custom_1735393340331{margin-top: 35px !important;padding-top: 2% !important;padding-right: 1% !important;padding-bottom: 0px !important;padding-left: 1% !important;background-color: #ffffff !important;}&#8221;]<\/p>\n<h2 style=\"text-align: left;\">F\u0103 parte din aceast\u0103 poveste de succes!<\/h2>\n<p style=\"text-align: left;\">Partenerii v\u0103 invit\u0103 s\u0103 face\u021bi parte din aceast\u0103 c\u0103l\u0103torie remarcabil\u0103. Sprijinirea dezvolt\u0103rii energiilor regenerabile \u00een Banat. \u00cempreun\u0103, putem modela un viitor mai bun pentru genera\u021biile viitoare &#8211; un viitor bazat pe respect pentru natur\u0103 \u0219i comunitate. Haide\u021bi s\u0103 lucr\u0103m \u00eempreun\u0103 pentru a realiza viziunea unei regiuni ecologice \u0219i stabile din punct de vedere economic.<\/p>\n<p style=\"text-align: left;\">A\u0219tept\u0103m cu ner\u0103bdare s\u0103 lucr\u0103m cu dumneavoastr\u0103!<\/p>\n<p>[\/vc_column_text][vc_column_text css=&#8221;.vc_custom_1735393402462{margin-top: 0px !important;padding-top: 35px !important;padding-right: 1% !important;padding-bottom: 5% !important;padding-left: 1% !important;background-color: #ffffff !important;}&#8221;]<a  itemprop=\"url\" href=\"\/ro\/contactati-ne\/\" target=\"_self\" data-hover-background-color=\"#36D851\" class=\"qbutton  medium left default\" style=\"color: #ffffff; font-style: normal; font-weight: 400; background-color:#f2c709;\">Contacta\u021bi-ne<\/a>[\/vc_column_text][\/vc_column][\/vc_row]<\/p>\n<\/div>","protected":false},"excerpt":{"rendered":"<p>[vc_row css_animation=&#8221;&#8221; row_type=&#8221;row&#8221; use_row_as_full_screen_section=&#8221;no&#8221; type=&#8221;full_width&#8221; angled_section=&#8221;no&#8221; text_align=&#8221;left&#8221; background_image_as_pattern=&#8221;without_pattern&#8221;][vc_column][\/vc_column][\/vc_row][vc_row css_animation=&#8221;&#8221; row_type=&#8221;row&#8221; use_row_as_full_screen_section=&#8221;no&#8221; type=&#8221;full_width&#8221; angled_section=&#8221;no&#8221; text_align=&#8221;left&#8221; background_image_as_pattern=&#8221;with_pattern&#8221; z_index=&#8221;&#8221; background_image=&#8221;1845&#8243; css=&#8221;.vc_custom_1739461491195{padding-top: 150px !important;padding-bottom: 150px !important;}&#8221;][vc_column width=&#8221;1\/6&#8243;][\/vc_column][vc_column width=&#8221;2\/3&#8243; css=&#8221;.vc_custom_1739461420111{padding-top: 75px !important;padding-bottom: 25px !important;background-color: #FFFFFF&#8230;<\/p>\n","protected":false},"author":1,"featured_media":0,"parent":0,"menu_order":0,"comment_status":"closed","ping_status":"closed","template":"full_width.php","meta":{"footnotes":""},"class_list":["post-1734","page","type-page","status-publish","hentry"],"_links":{"self":[{"href":"https:\/\/www.dragonnewenergy.com\/ro\/wp-json\/wp\/v2\/pages\/1734","targetHints":{"allow":["GET"]}}],"collection":[{"href":"https:\/\/www.dragonnewenergy.com\/ro\/wp-json\/wp\/v2\/pages"}],"about":[{"href":"https:\/\/www.dragonnewenergy.com\/ro\/wp-json\/wp\/v2\/types\/page"}],"author":[{"embeddable":true,"href":"https:\/\/www.dragonnewenergy.com\/ro\/wp-json\/wp\/v2\/users\/1"}],"replies":[{"embeddable":true,"href":"https:\/\/www.dragonnewenergy.com\/ro\/wp-json\/wp\/v2\/comments?post=1734"}],"version-history":[{"count":25,"href":"https:\/\/www.dragonnewenergy.com\/ro\/wp-json\/wp\/v2\/pages\/1734\/revisions"}],"predecessor-version":[{"id":1945,"href":"https:\/\/www.dragonnewenergy.com\/ro\/wp-json\/wp\/v2\/pages\/1734\/revisions\/1945"}],"wp:attachment":[{"href":"https:\/\/www.dragonnewenergy.com\/ro\/wp-json\/wp\/v2\/media?parent=1734"}],"curies":[{"name":"wp","href":"https:\/\/api.w.org\/{rel}","templated":true}]}}