{"id":1722,"date":"2017-10-18T09:03:18","date_gmt":"2017-10-18T07:03:18","guid":{"rendered":"https:\/\/www.dragonnewenergy.com\/acasa\/"},"modified":"2025-02-14T18:44:25","modified_gmt":"2025-02-14T17:44:25","slug":"acasa","status":"publish","type":"page","link":"https:\/\/www.dragonnewenergy.com\/ro\/","title":{"rendered":"Acas\u0103"},"content":{"rendered":"<div class=\"wpb-content-wrapper\"><p>[vc_row css_animation=&#8221;&#8221; row_type=&#8221;row&#8221; use_row_as_full_screen_section=&#8221;no&#8221; type=&#8221;full_width&#8221; angled_section=&#8221;no&#8221; text_align=&#8221;left&#8221; background_image_as_pattern=&#8221;without_pattern&#8221; z_index=&#8221;&#8221;][vc_column]\n\t\t\t\t<p class=\"rs-p-wp-fix\"><\/p>\n\t\t\t\t<sr7-module data-alias=\"home-slider-1\" data-id=\"2\" id=\"SR7_2_1\" class=\"rs-ov-hidden\" data-version=\"6.7.51\">\n\t\t\t\t\t<sr7-adjuster><\/sr7-adjuster>\n\t\t\t\t\t<sr7-content>\n\t\t\t\t\t\t<sr7-slide id=\"SR7_2_1-48\" data-key=\"48\">\n\t\t\t\t\t\t\t<sr7-txt id=\"SR7_2_1-48-3\" class=\"sr7-layer\">Energie solar\u0103.<\/sr7-txt>\n\t\t\t\t\t\t\t<sr7-txt id=\"SR7_2_1-48-4\" class=\"sr7-layer\">\u00cempreun\u0103 pentru un viitor durabil<\/sr7-txt>\n\t\t\t\t\t\t\t<sr7-txt id=\"SR7_2_1-48-6\" class=\"sr7-layer\"><i class=\"fa-plus-circle\"><\/i><\/sr7-txt>\n\t\t\t\t\t\t\t<sr7-txt id=\"SR7_2_1-48-9\" class=\"sr7-layer\">dragon <br \/>\nnew <br \/>\nenergy<\/sr7-txt>\n\t\t\t\t\t\t<\/sr7-slide>\n\t\t\t\t\t\t<sr7-slide id=\"SR7_2_1-53\" data-key=\"53\">\n\t\t\t\t\t\t<\/sr7-slide>\n\t\t\t\t\t<\/sr7-content>\n\t\t\t\t<\/sr7-module>\n\t\t\t\t<script>\n\t\t\t\t\twindow.SR7 ??={};SR7.PMH ??={}; SR7.PMH[\"SR7_2_1\"] = {cn:100,state:false,fn: function() { if (window._tpt!==undefined && window._tpt.prepareModuleHeight !== undefined) {  _tpt.prepareModuleHeight({id:\"SR7_2_1\",el:[1145,1145,1145,960,720],type:'standard',shdw:'0',gh:[1145,1145,1145,960,720],gw:[1920,1920,1920,778,480],vpt:['-100px&#039;,&#039;-100px&#039;,&#039;-100px&#039;,&#039;-100px&#039;,&#039;-100px'],size:{fullWidth:true, fullHeight:false},mh:'0',onh:0,onw:0,bg:{color:'{\"orig\":\"transparent\",\"type\":\"solid\",\"string\":\"transparent\"}'}});   SR7.PMH[\"SR7_2_1\"].state=true;} else if(SR7.PMH[\"SR7_2_1\"].cn-->0)\tsetTimeout( SR7.PMH[\"SR7_2_1\"].fn,19);}};SR7.PMH[\"SR7_2_1\" ].fn();\n\t\t\t\t<\/script>\n[\/vc_column][\/vc_row][vc_row css_animation=&#8221;&#8221; row_type=&#8221;row&#8221; use_row_as_full_screen_section=&#8221;no&#8221; type=&#8221;full_width&#8221; angled_section=&#8221;no&#8221; text_align=&#8221;left&#8221; background_image_as_pattern=&#8221;with_pattern&#8221; z_index=&#8221;&#8221; el_id=&#8221;project&#8221; anchor=&#8221;project&#8221; css=&#8221;.vc_custom_1734947138133{padding-top: 110px !important;padding-bottom: 110px !important;}&#8221; background_image=&#8221;1845&#8243;][vc_column][vc_row_inner row_type=&#8221;row&#8221; type=&#8221;grid&#8221; text_align=&#8221;left&#8221; css_animation=&#8221;&#8221;][vc_column_inner width=&#8221;1\/4&#8243; css=&#8221;.vc_custom_1719583140817{padding-top: 20px !important;padding-right: 10px !important;padding-bottom: 10px !important;padding-left: 20px !important;border-color: #d8d8d8 !important;}&#8221;][vc_column_text css=&#8221;.vc_custom_1732193529863{padding-right: 50px !important;padding-bottom: 25px !important;}&#8221;]<\/p>\n<p style=\"text-align: left; font-size: 60px; font-weight: bold; line-height: 60px; color: #f0f0f0;\">dragon<br \/>\nnew<br \/>\nenergy<\/p>\n<p>[\/vc_column_text][vc_empty_space height=&#8221;128px&#8221; el_class=&#8221;empty-del&#8221;][vc_empty_space height=&#8221;128px&#8221; el_class=&#8221;empty-del&#8221;][vc_empty_space height=&#8221;128px&#8221; el_class=&#8221;empty-del&#8221;][\/vc_column_inner][vc_column_inner el_class=&#8221;shadowb1&#8243; width=&#8221;3\/4&#8243; css=&#8221;.vc_custom_1732194588818{border-top-width: 0px !important;border-right-width: 1px !important;border-bottom-width: 1px !important;border-left-width: 1px !important;padding-top: 40px !important;padding-right: 40px !important;padding-bottom: 40px !important;padding-left: 40px !important;background-color: #ffffff !important;border-left-style: solid !important;border-right-style: solid !important;border-top-style: solid !important;border-bottom-style: solid !important;border-color: #e8e8e8 !important;}&#8221;][vc_column_text css=&#8221;.vc_custom_1720090602035{padding-bottom: 25px !important;}&#8221;]<\/p>\n<h1>Proiect actual<\/h1>\n<p>[\/vc_column_text][vc_column_text css=&#8221;&#8221;]<\/p>\n<h3><span style=\"color: #000000;\">17 centrale solare \u00een Jamu Mare, Rom\u00e2nia<\/span><\/h3>\n<p>[\/vc_column_text][vc_column_text css=&#8221;&#8221;]Cu o suprafa\u021b\u0103 de aproximativ 790 de hectare \u0219i o capacitate planificat\u0103 de 650 MWp, aceste centrale solare vor produce suficient\u0103 energie electric\u0103 pentru a alimenta aproximativ 200 000 de gospod\u0103rii pe an.[\/vc_column_text][vc_empty_space height=&#8221;64px&#8221;][qode_elements_holder number_of_columns=&#8221;four_columns&#8221; switch_to_one_column=&#8221;1000&#8243; alignment_one_column=&#8221;center&#8221;][qode_elements_holder_item vertical_alignment=&#8221;middle&#8221; horizontal_alignment=&#8221;center&#8221; advanced_animations=&#8221;no&#8221; background_color=&#8221;#f4f4f4&#8243; item_padding=&#8221;24px 15px 15px 15px&#8221; item_padding_768_1024=&#8221;25px 15px 15px 15px&#8221; item_padding_600_768=&#8221;25px 15px 15px 15px&#8221; item_padding_480_600=&#8221;25px 15px 15px 15px&#8221; item_padding_480=&#8221;25px 15px 15px 15px&#8221;][vc_single_image image=&#8221;870&#8243; img_size=&#8221;&#8221; alignment=&#8221;center&#8221; css=&#8221;&#8221; qode_css_animation=&#8221;&#8221; el_class=&#8221;pikto1&#8243;]<div class=\"q_counter_holder  center\" style=\"\" data-digit=\"650\"><span class=\"counter  zero\" style=\"color: #000000;font-size: 70px;font-weight: 600;\">650<\/span><p class=\"counter_text\" style=\"font-size: 20px;font-weight: 500;text-transform: none;color: #000000;\">MWp<\/p><\/div>[vc_column_text css=&#8221;&#8221;]<\/p>\n<p style=\"text-align: center;\">Performan\u021b\u0103<\/p>\n<p>[\/vc_column_text][\/qode_elements_holder_item][qode_elements_holder_item vertical_alignment=&#8221;middle&#8221; horizontal_alignment=&#8221;center&#8221; advanced_animations=&#8221;no&#8221; background_color=&#8221;#F9F9F9&#8243; item_padding_768_1024=&#8221;25px 15px 15px 15px&#8221; item_padding_600_768=&#8221;25px 15px 15px 15px&#8221; item_padding_480_600=&#8221;25px 15px 15px 15px&#8221; item_padding_480=&#8221;25px 15px 15px 15px&#8221;][vc_single_image image=&#8221;938&#8243; img_size=&#8221;&#8221; alignment=&#8221;center&#8221; css=&#8221;&#8221; qode_css_animation=&#8221;element_from_fade&#8221; el_class=&#8221;pikto1&#8243;]<div class=\"q_counter_holder  center\" style=\"\" data-digit=\"790\"><span class=\"counter  zero\" style=\"color: #000000;font-size: 70px;font-weight: 600;\">790<\/span><p class=\"counter_text\" style=\"font-size: 20px;font-weight: 500;text-transform: none;color: #000000;\">Hectare<\/p><\/div>[vc_column_text css=&#8221;&#8221;]<\/p>\n<p style=\"text-align: center;\">Suprafa\u021ba<\/p>\n<p>[\/vc_column_text][\/qode_elements_holder_item][qode_elements_holder_item vertical_alignment=&#8221;middle&#8221; horizontal_alignment=&#8221;center&#8221; advanced_animations=&#8221;no&#8221; background_color=&#8221;#F4F4F4&#8243; item_padding=&#8221;15px 15px 15px 15px&#8221; item_padding_768_1024=&#8221;25px 15px 15px 15px&#8221; item_padding_600_768=&#8221;25px 15px 15px 15px&#8221; item_padding_480_600=&#8221;25px 15px 15px 15px&#8221; item_padding_480=&#8221;25px 15px 15px 15px&#8221;][vc_single_image image=&#8221;857&#8243; img_size=&#8221;&#8221; alignment=&#8221;center&#8221; css=&#8221;&#8221; qode_css_animation=&#8221;element_from_fade&#8221; el_class=&#8221;pikto1&#8243;]<div class=\"q_counter_holder  center\" style=\"\" data-digit=\"845\"><span class=\"counter  zero\" style=\"color: #000000;font-size: 70px;font-weight: 600;\">845<\/span><p class=\"counter_text\" style=\"font-size: 20px;font-weight: 500;text-transform: none;color: #000000;\">GWh<\/p><\/div>[vc_column_text css=&#8221;&#8221;]<\/p>\n<p style=\"text-align: center;\">\u00een anul<\/p>\n<p>[\/vc_column_text][\/qode_elements_holder_item][qode_elements_holder_item vertical_alignment=&#8221;middle&#8221; horizontal_alignment=&#8221;center&#8221; advanced_animations=&#8221;no&#8221; item_padding=&#8221;15px 15px 15px 15px&#8221; background_color=&#8221;#F9F9F9&#8243; item_padding_768_1024=&#8221;25px 15px 15px 15px&#8221; item_padding_600_768=&#8221;25px 15px 15px 15px&#8221; item_padding_480_600=&#8221;25px 15px 15px 15px&#8221; item_padding_480=&#8221;25px 15px 15px 15px&#8221;][vc_single_image image=&#8221;1099&#8243; img_size=&#8221;&#8221; alignment=&#8221;center&#8221; css=&#8221;&#8221; qode_css_animation=&#8221;element_from_fade&#8221; el_class=&#8221;pikto1&#8243;]<div class=\"q_counter_holder  center\" style=\"\" data-digit=\"500\"><span class=\"counter  zero\" style=\"color: #000000;font-size: 70px;font-weight: 600;\">500<\/span><p class=\"counter_text\" style=\"font-size: 20px;font-weight: 500;text-transform: none;color: #000000;\">milioane de tone de CO2<\/p><\/div>[vc_column_text css=&#8221;&#8221;]<\/p>\n<p style=\"text-align: center;\">\u00een anul<\/p>\n<p>[\/vc_column_text][\/qode_elements_holder_item][\/qode_elements_holder][vc_empty_space height=&#8221;28px&#8221; el_class=&#8221;empty-del&#8221;]<div class='q_progress_bar'><h4 class='progress_title_holder clearfix' style='color: #111111;'><span class='progress_title'><span>Statut<\/span><\/span><span class='progress_number' style='color: #000000;font-size: 20px;font-weight: 700;'><span>0<\/span>%<\/span><\/h4><div class='progress_content_outer' style='height: 24px;background-color: #ededed;'><div data-percentage='40' class='progress_content' style='height: 24px;background-color: #36d851;'><\/div><\/div><\/div>[vc_column_text css=&#8221;.vc_custom_1735393485314{padding-top: 35px !important;}&#8221;]<a  itemprop=\"url\" href=\"\/de\/projekt\/\" target=\"_self\" data-hover-background-color=\"#36D851\" class=\"qbutton  medium left default\" style=\"color: #ffffff; font-style: normal; font-weight: 400; background-color:#f2c709;\">Afla\u021bi mai multe<\/a>[\/vc_column_text][\/vc_column_inner][\/vc_row_inner][\/vc_column][\/vc_row][vc_row css_animation=&#8221;&#8221; row_type=&#8221;row&#8221; use_row_as_full_screen_section=&#8221;no&#8221; type=&#8221;grid&#8221; angled_section=&#8221;no&#8221; text_align=&#8221;left&#8221; background_image_as_pattern=&#8221;without_pattern&#8221; css=&#8221;.vc_custom_1732891263504{padding-top: 45px !important;padding-bottom: 45px !important;background-color: #ffffff !important;}&#8221; z_index=&#8221;&#8221; el_class=&#8221;shadowb1&#8243;][vc_column offset=&#8221;vc_col-lg-6 vc_col-md-6 vc_col-xs-12&#8243;][\/vc_column][vc_column][vc_empty_space height=&#8221;20px&#8221;][vc_empty_space height=&#8221;20px&#8221;][vc_row_inner row_type=&#8221;row&#8221; type=&#8221;full_width&#8221; text_align=&#8221;left&#8221; css_animation=&#8221;&#8221; anchor=&#8221;dragon&#8221; el_id=&#8221;dragon&#8221;][vc_column_inner width=&#8221;1\/4&#8243;][vc_empty_space height=&#8221;280px&#8221;][\/vc_column_inner][vc_column_inner width=&#8221;3\/4&#8243;][vc_column_text css=&#8221;&#8221;]<\/p>\n<h2 style=\"text-align: left;\"><span style=\"color: #000000;\">Pasiune pentru tranzi\u021bia energetic\u0103<\/span><\/h2>\n<p style=\"text-align: left;\"><span style=\"color: #000000;\">Viziunea noastr\u0103 este o lume \u00een care energiile regenerabile sunt principala surs\u0103 de aprovizionare cu energie. S\u0103 contribuim la tranzi\u021bia energetic\u0103 global\u0103 prin proiectele \u0219i ini\u021biativele noastre, pentru a asigura o planet\u0103 durabil\u0103 \u0219i ecologic\u0103 pentru genera\u021biile viitoare.  <\/span><span style=\"color: #000000;\">Proiectul nostru actual este un proiect fotovoltaic de pionierat \u00een Jamu Mare, Rom\u00e2nia.<\/span><\/p>\n<p>[\/vc_column_text][vc_column_text css=&#8221;.vc_custom_1721813368605{padding-top: 35px !important;}&#8221;]<a  itemprop=\"url\" href=\"\/ueber-uns\/\" target=\"_self\" data-hover-background-color=\"#36D851\" class=\"qbutton  medium left default\" style=\"color: #ffffff; font-style: normal; font-weight: 400; background-color:#f2c709;\">Afla\u021bi mai multe<\/a>[\/vc_column_text][\/vc_column_inner][\/vc_row_inner][\/vc_column][\/vc_row][vc_row css_animation=&#8221;&#8221; row_type=&#8221;row&#8221; use_row_as_full_screen_section=&#8221;no&#8221; type=&#8221;grid&#8221; angled_section=&#8221;no&#8221; text_align=&#8221;left&#8221; background_image_as_pattern=&#8221;without_pattern&#8221; css=&#8221;.vc_custom_1721794957105{padding-bottom: 110px !important;background-color: #f2f2f2 !important;}&#8221; z_index=&#8221;&#8221;][vc_column css=&#8221;.vc_custom_1721794647652{padding-top: 20px !important;}&#8221;][vc_column_text css=&#8221;.vc_custom_1721705058149{padding-top: 25px !important;padding-bottom: 25px !important;}&#8221;]<\/p>\n<p style=\"text-align: center;\">Prin cooperarea str\u00e2ns\u0103 cu parteneri renumi\u021bi din \u00eentreaga lume, garant\u0103m cele mai \u00eenalte standarde de calitate \u0219i implementarea cu succes a proiectelor.<\/p>\n<p>[\/vc_column_text][vc_empty_space el_class=&#8221;empty-del&#8221;][vc_row_inner row_type=&#8221;row&#8221; type=&#8221;full_width&#8221; text_align=&#8221;left&#8221; css_animation=&#8221;&#8221;][vc_column_inner width=&#8221;1\/3&#8243;][vc_single_image image=&#8221;961&#8243; img_size=&#8221;full&#8221; alignment=&#8221;center&#8221; onclick=&#8221;custom_link&#8221; css=&#8221;.vc_custom_1734046686052{margin-bottom: 15px !important;}&#8221; qode_css_animation=&#8221;element_from_fade&#8221; transition_delay=&#8221;0.4&#8243; el_class=&#8221;shadow&#8221; link=&#8221;https:\/\/www.dragonnewenergy.com\/ro\/despre-noi\/#founders&#8221;][\/vc_column_inner][vc_column_inner width=&#8221;1\/3&#8243;][vc_single_image image=&#8221;962&#8243; img_size=&#8221;full&#8221; alignment=&#8221;center&#8221; onclick=&#8221;custom_link&#8221; css=&#8221;.vc_custom_1734046692945{margin-right: 0px !important;margin-bottom: 15px !important;border-right-width: 0px !important;padding-right: 0px !important;}&#8221; qode_css_animation=&#8221;element_from_fade&#8221; transition_delay=&#8221;0.8&#8243; el_class=&#8221;shadow&#8221; link=&#8221;https:\/\/www.dragonnewenergy.com\/ro\/despre-noi\/#founders&#8221;][\/vc_column_inner][vc_column_inner width=&#8221;1\/3&#8243;][vc_single_image image=&#8221;963&#8243; img_size=&#8221;full&#8221; alignment=&#8221;center&#8221; onclick=&#8221;custom_link&#8221; css=&#8221;.vc_custom_1734046698231{margin-bottom: 15px !important;}&#8221; qode_css_animation=&#8221;element_from_fade&#8221; transition_delay=&#8221;1.2&#8243; el_class=&#8221;shadow&#8221; link=&#8221;https:\/\/www.dragonnewenergy.com\/ro\/despre-noi\/#founders&#8221;][\/vc_column_inner][\/vc_row_inner][\/vc_column][\/vc_row]<\/p>\n<\/div>","protected":false},"excerpt":{"rendered":"<p>[vc_row css_animation=&#8221;&#8221; row_type=&#8221;row&#8221; use_row_as_full_screen_section=&#8221;no&#8221; type=&#8221;full_width&#8221; angled_section=&#8221;no&#8221; text_align=&#8221;left&#8221; background_image_as_pattern=&#8221;without_pattern&#8221; z_index=&#8221;&#8221;][vc_column][\/vc_column][\/vc_row][vc_row css_animation=&#8221;&#8221; row_type=&#8221;row&#8221; use_row_as_full_screen_section=&#8221;no&#8221; type=&#8221;full_width&#8221; angled_section=&#8221;no&#8221; text_align=&#8221;left&#8221; background_image_as_pattern=&#8221;with_pattern&#8221; z_index=&#8221;&#8221; el_id=&#8221;project&#8221; anchor=&#8221;project&#8221; css=&#8221;.vc_custom_1734947138133{padding-top: 110px !important;padding-bottom: 110px !important;}&#8221; background_image=&#8221;1845&#8243;][vc_column][vc_row_inner row_type=&#8221;row&#8221; type=&#8221;grid&#8221; text_align=&#8221;left&#8221; css_animation=&#8221;&#8221;][vc_column_inner width=&#8221;1\/4&#8243;&#8230;<\/p>\n","protected":false},"author":1,"featured_media":0,"parent":0,"menu_order":0,"comment_status":"closed","ping_status":"closed","template":"full_width.php","meta":{"footnotes":""},"class_list":["post-1722","page","type-page","status-publish","hentry"],"_links":{"self":[{"href":"https:\/\/www.dragonnewenergy.com\/ro\/wp-json\/wp\/v2\/pages\/1722","targetHints":{"allow":["GET"]}}],"collection":[{"href":"https:\/\/www.dragonnewenergy.com\/ro\/wp-json\/wp\/v2\/pages"}],"about":[{"href":"https:\/\/www.dragonnewenergy.com\/ro\/wp-json\/wp\/v2\/types\/page"}],"author":[{"embeddable":true,"href":"https:\/\/www.dragonnewenergy.com\/ro\/wp-json\/wp\/v2\/users\/1"}],"replies":[{"embeddable":true,"href":"https:\/\/www.dragonnewenergy.com\/ro\/wp-json\/wp\/v2\/comments?post=1722"}],"version-history":[{"count":24,"href":"https:\/\/www.dragonnewenergy.com\/ro\/wp-json\/wp\/v2\/pages\/1722\/revisions"}],"predecessor-version":[{"id":2003,"href":"https:\/\/www.dragonnewenergy.com\/ro\/wp-json\/wp\/v2\/pages\/1722\/revisions\/2003"}],"wp:attachment":[{"href":"https:\/\/www.dragonnewenergy.com\/ro\/wp-json\/wp\/v2\/media?parent=1722"}],"curies":[{"name":"wp","href":"https:\/\/api.w.org\/{rel}","templated":true}]}}