{"id":1631,"date":"2024-06-20T11:55:43","date_gmt":"2024-06-20T09:55:43","guid":{"rendered":"https:\/\/www.dragonnewenergy.com\/imprint\/"},"modified":"2025-12-19T03:33:15","modified_gmt":"2025-12-19T02:33:15","slug":"imprint","status":"publish","type":"page","link":"https:\/\/www.dragonnewenergy.com\/ro\/imprint\/","title":{"rendered":"Imprint"},"content":{"rendered":"<div class=\"wpb-content-wrapper\"><p>[vc_row css_animation=&#8221;&#8221; row_type=&#8221;row&#8221; use_row_as_full_screen_section=&#8221;no&#8221; type=&#8221;grid&#8221; angled_section=&#8221;no&#8221; text_align=&#8221;left&#8221; background_image_as_pattern=&#8221;without_pattern&#8221; z_index=&#8221;&#8221;][vc_column][vc_column_text css=&#8221;&#8221;]Dragon New Energy Holding GmbH Z\u00fclpricher Str. 5 40569 D\u00fcsseldorf<\/p>\n<p><strong>Reprezentat de:<br \/>\n<\/strong><br \/>\nProf. Wei Luan<\/p>\n<h2>Contacta\u021bi-ne<\/h2>\n<p>Telefon: +49 171 786 15 32<br \/>\nE-mail: info@dragonnewenergy.com<\/p>\n<p>\u00cenregistrat\u0103 \u00een registrul comer\u021bului de la Tribunalul local din D\u00fcsseldorf<br \/>\nNum\u0103rul registrului comer\u021bului: HRB 101839[\/vc_column_text][vc_empty_space][vc_empty_space][vc_empty_space][\/vc_column][\/vc_row]<\/p>\n<\/div>","protected":false},"excerpt":{"rendered":"<p>[vc_row css_animation=&#8221;&#8221; row_type=&#8221;row&#8221; use_row_as_full_screen_section=&#8221;no&#8221; type=&#8221;grid&#8221; angled_section=&#8221;no&#8221; text_align=&#8221;left&#8221; background_image_as_pattern=&#8221;without_pattern&#8221; z_index=&#8221;&#8221;][vc_column][vc_column_text css=&#8221;&#8221;]Dragon New Energy Holding GmbH Z\u00fclpricher Str. 5 40569 D\u00fcsseldorf Reprezentat de: Prof. Wei Luan Contacta\u021bi-ne Telefon: +49 171 786 15&#8230;<\/p>\n","protected":false},"author":1,"featured_media":0,"parent":0,"menu_order":0,"comment_status":"closed","ping_status":"closed","template":"full_width.php","meta":{"footnotes":""},"class_list":["post-1631","page","type-page","status-publish","hentry"],"_links":{"self":[{"href":"https:\/\/www.dragonnewenergy.com\/ro\/wp-json\/wp\/v2\/pages\/1631","targetHints":{"allow":["GET"]}}],"collection":[{"href":"https:\/\/www.dragonnewenergy.com\/ro\/wp-json\/wp\/v2\/pages"}],"about":[{"href":"https:\/\/www.dragonnewenergy.com\/ro\/wp-json\/wp\/v2\/types\/page"}],"author":[{"embeddable":true,"href":"https:\/\/www.dragonnewenergy.com\/ro\/wp-json\/wp\/v2\/users\/1"}],"replies":[{"embeddable":true,"href":"https:\/\/www.dragonnewenergy.com\/ro\/wp-json\/wp\/v2\/comments?post=1631"}],"version-history":[{"count":9,"href":"https:\/\/www.dragonnewenergy.com\/ro\/wp-json\/wp\/v2\/pages\/1631\/revisions"}],"predecessor-version":[{"id":2166,"href":"https:\/\/www.dragonnewenergy.com\/ro\/wp-json\/wp\/v2\/pages\/1631\/revisions\/2166"}],"wp:attachment":[{"href":"https:\/\/www.dragonnewenergy.com\/ro\/wp-json\/wp\/v2\/media?parent=1631"}],"curies":[{"name":"wp","href":"https:\/\/api.w.org\/{rel}","templated":true}]}}