{"id":655,"date":"2017-10-18T09:03:18","date_gmt":"2017-10-18T09:03:18","guid":{"rendered":"http:\/\/bridge96.qodeinteractive.com\/?page_id=4"},"modified":"2025-02-14T18:40:38","modified_gmt":"2025-02-14T17:40:38","slug":"home","status":"publish","type":"page","link":"https:\/\/www.dragonnewenergy.com\/de\/","title":{"rendered":"Home"},"content":{"rendered":"<div class=\"wpb-content-wrapper\"><p>[vc_row css_animation=&#8220;&#8220; row_type=&#8220;row&#8220; use_row_as_full_screen_section=&#8220;no&#8220; type=&#8220;full_width&#8220; angled_section=&#8220;no&#8220; text_align=&#8220;left&#8220; background_image_as_pattern=&#8220;without_pattern&#8220; z_index=&#8220;&#8220;][vc_column]\n\t\t\t\t<p class=\"rs-p-wp-fix\"><\/p>\n\t\t\t\t<sr7-module data-alias=\"home-slider-1\" data-id=\"2\" id=\"SR7_2_1\" class=\"rs-ov-hidden\" data-version=\"6.7.51\">\n\t\t\t\t\t<sr7-adjuster><\/sr7-adjuster>\n\t\t\t\t\t<sr7-content>\n\t\t\t\t\t\t<sr7-slide id=\"SR7_2_1-47\" data-key=\"47\">\n\t\t\t\t\t\t\t<sr7-txt id=\"SR7_2_1-47-3\" class=\"sr7-layer\">Solarkraft.<\/sr7-txt>\n\t\t\t\t\t\t\t<sr7-txt id=\"SR7_2_1-47-4\" class=\"sr7-layer\">Gemeinsam f\u00fcr eine nachhaltige Zukunft<\/sr7-txt>\n\t\t\t\t\t\t\t<sr7-txt id=\"SR7_2_1-47-6\" class=\"sr7-layer\"><i class=\"fa-plus-circle\"><\/i><\/sr7-txt>\n\t\t\t\t\t\t\t<sr7-txt id=\"SR7_2_1-47-9\" class=\"sr7-layer\">dragon <br \/>\nnew <br \/>\nenergy<\/sr7-txt>\n\t\t\t\t\t\t<\/sr7-slide>\n\t\t\t\t\t\t<sr7-slide id=\"SR7_2_1-53\" data-key=\"53\">\n\t\t\t\t\t\t<\/sr7-slide>\n\t\t\t\t\t<\/sr7-content>\n\t\t\t\t<\/sr7-module>\n\t\t\t\t<script>\n\t\t\t\t\twindow.SR7 ??={};SR7.PMH ??={}; SR7.PMH[\"SR7_2_1\"] = {cn:100,state:false,fn: function() { if (window._tpt!==undefined && window._tpt.prepareModuleHeight !== undefined) {  _tpt.prepareModuleHeight({id:\"SR7_2_1\",el:[1145,1145,1145,960,720],type:'standard',shdw:'0',gh:[1145,1145,1145,960,720],gw:[1920,1920,1920,778,480],vpt:['-100px&#039;,&#039;-100px&#039;,&#039;-100px&#039;,&#039;-100px&#039;,&#039;-100px'],size:{fullWidth:true, fullHeight:false},mh:'0',onh:0,onw:0,bg:{color:'{\"orig\":\"transparent\",\"type\":\"solid\",\"string\":\"transparent\"}'}});   SR7.PMH[\"SR7_2_1\"].state=true;} else if(SR7.PMH[\"SR7_2_1\"].cn-->0)\tsetTimeout( SR7.PMH[\"SR7_2_1\"].fn,19);}};SR7.PMH[\"SR7_2_1\" ].fn();\n\t\t\t\t<\/script>\n[\/vc_column][\/vc_row][vc_row css_animation=&#8220;&#8220; row_type=&#8220;row&#8220; use_row_as_full_screen_section=&#8220;no&#8220; type=&#8220;full_width&#8220; angled_section=&#8220;no&#8220; text_align=&#8220;left&#8220; background_image_as_pattern=&#8220;with_pattern&#8220; z_index=&#8220;&#8220; el_id=&#8220;project&#8220; anchor=&#8220;project&#8220; css=&#8220;.vc_custom_1734947138133{padding-top: 110px !important;padding-bottom: 110px !important;}&#8220; background_image=&#8220;1845&#8243;][vc_column][vc_row_inner row_type=&#8220;row&#8220; type=&#8220;grid&#8220; text_align=&#8220;left&#8220; css_animation=&#8220;&#8220;][vc_column_inner width=&#8220;1\/4&#8243; css=&#8220;.vc_custom_1719583140817{padding-top: 20px !important;padding-right: 10px !important;padding-bottom: 10px !important;padding-left: 20px !important;border-color: #d8d8d8 !important;}&#8220;][vc_column_text css=&#8220;.vc_custom_1732193529863{padding-right: 50px !important;padding-bottom: 25px !important;}&#8220;]<\/p>\n<p style=\"text-align: left; font-size: 60px; font-weight: bold; line-height: 60px; color: #f0f0f0;\">dragon<br \/>\nnew<br \/>\nenergy<\/p>\n<p>[\/vc_column_text][vc_empty_space height=&#8220;128px&#8220; el_class=&#8220;empty-del&#8220;][vc_empty_space height=&#8220;128px&#8220; el_class=&#8220;empty-del&#8220;][vc_empty_space height=&#8220;128px&#8220; el_class=&#8220;empty-del&#8220;][\/vc_column_inner][vc_column_inner el_class=&#8220;shadowb1&#8243; width=&#8220;3\/4&#8243; css=&#8220;.vc_custom_1732194588818{border-top-width: 0px !important;border-right-width: 1px !important;border-bottom-width: 1px !important;border-left-width: 1px !important;padding-top: 40px !important;padding-right: 40px !important;padding-bottom: 40px !important;padding-left: 40px !important;background-color: #ffffff !important;border-left-style: solid !important;border-right-style: solid !important;border-top-style: solid !important;border-bottom-style: solid !important;border-color: #e8e8e8 !important;}&#8220;][vc_column_text css=&#8220;.vc_custom_1720090602035{padding-bottom: 25px !important;}&#8220;]<\/p>\n<h1>Aktuelles Projekt<\/h1>\n<p>[\/vc_column_text][vc_column_text css=&#8220;&#8220;]<\/p>\n<h3><span style=\"color: #000000;\">17 Solarkraftwerke in Jamu Mare, Rum\u00e4nien<\/span><\/h3>\n<p>[\/vc_column_text][vc_column_text css=&#8220;&#8220;]Mit einer Fl\u00e4che von ca. 790 Hektar und einer geplanten Kapazit\u00e4t von 650 MWp werden diese Solarkraftwerke genug Strom produzieren, um etwa 200.000 Haushalte pro Jahr zu versorgen.[\/vc_column_text][vc_empty_space height=&#8220;64px&#8220;][qode_elements_holder number_of_columns=&#8220;four_columns&#8220; switch_to_one_column=&#8220;1000&#8243; alignment_one_column=&#8220;center&#8220;][qode_elements_holder_item vertical_alignment=&#8220;middle&#8220; horizontal_alignment=&#8220;center&#8220; advanced_animations=&#8220;no&#8220; background_color=&#8220;#f4f4f4&#8243; item_padding=&#8220;24px 15px 15px 15px&#8220; item_padding_768_1024=&#8220;25px 15px 15px 15px&#8220; item_padding_600_768=&#8220;25px 15px 15px 15px&#8220; item_padding_480_600=&#8220;25px 15px 15px 15px&#8220; item_padding_480=&#8220;25px 15px 15px 15px&#8220;][vc_single_image image=&#8220;870&#8243; img_size=&#8220;&#8220; alignment=&#8220;center&#8220; css=&#8220;&#8220; qode_css_animation=&#8220;&#8220; el_class=&#8220;pikto1&#8243;]<div class=\"q_counter_holder  center\" style=\"\" data-digit=\"650\"><span class=\"counter  zero\" style=\"color: #000000;font-size: 70px;font-weight: 600;\">650<\/span><p class=\"counter_text\" style=\"font-size: 20px;font-weight: 500;text-transform: none;color: #000000;\">MWp<\/p><\/div>[vc_column_text css=&#8220;&#8220;]<\/p>\n<p style=\"text-align: center;\">Leistung<\/p>\n<p>[\/vc_column_text][\/qode_elements_holder_item][qode_elements_holder_item vertical_alignment=&#8220;middle&#8220; horizontal_alignment=&#8220;center&#8220; advanced_animations=&#8220;no&#8220; background_color=&#8220;#F9F9F9&#8243; item_padding_768_1024=&#8220;25px 15px 15px 15px&#8220; item_padding_600_768=&#8220;25px 15px 15px 15px&#8220; item_padding_480_600=&#8220;25px 15px 15px 15px&#8220; item_padding_480=&#8220;25px 15px 15px 15px&#8220;][vc_single_image image=&#8220;938&#8243; img_size=&#8220;&#8220; alignment=&#8220;center&#8220; css=&#8220;&#8220; qode_css_animation=&#8220;element_from_fade&#8220; el_class=&#8220;pikto1&#8243;]<div class=\"q_counter_holder  center\" style=\"\" data-digit=\"790\"><span class=\"counter  zero\" style=\"color: #000000;font-size: 70px;font-weight: 600;\">790<\/span><p class=\"counter_text\" style=\"font-size: 20px;font-weight: 500;text-transform: none;color: #000000;\">Hektar<\/p><\/div>[vc_column_text css=&#8220;&#8220;]<\/p>\n<p style=\"text-align: center;\">Fl\u00e4che<\/p>\n<p>[\/vc_column_text][\/qode_elements_holder_item][qode_elements_holder_item vertical_alignment=&#8220;middle&#8220; horizontal_alignment=&#8220;center&#8220; advanced_animations=&#8220;no&#8220; background_color=&#8220;#F4F4F4&#8243; item_padding=&#8220;15px 15px 15px 15px&#8220; item_padding_768_1024=&#8220;25px 15px 15px 15px&#8220; item_padding_600_768=&#8220;25px 15px 15px 15px&#8220; item_padding_480_600=&#8220;25px 15px 15px 15px&#8220; item_padding_480=&#8220;25px 15px 15px 15px&#8220;][vc_single_image image=&#8220;857&#8243; img_size=&#8220;&#8220; alignment=&#8220;center&#8220; css=&#8220;&#8220; qode_css_animation=&#8220;element_from_fade&#8220; el_class=&#8220;pikto1&#8243;]<div class=\"q_counter_holder  center\" style=\"\" data-digit=\"845\"><span class=\"counter  zero\" style=\"color: #000000;font-size: 70px;font-weight: 600;\">845<\/span><p class=\"counter_text\" style=\"font-size: 20px;font-weight: 500;text-transform: none;color: #000000;\">GWh<\/p><\/div>[vc_column_text css=&#8220;&#8220;]<\/p>\n<p style=\"text-align: center;\">im Jahr<\/p>\n<p>[\/vc_column_text][\/qode_elements_holder_item][qode_elements_holder_item vertical_alignment=&#8220;middle&#8220; horizontal_alignment=&#8220;center&#8220; advanced_animations=&#8220;no&#8220; item_padding=&#8220;15px 15px 15px 15px&#8220; background_color=&#8220;#F9F9F9&#8243; item_padding_768_1024=&#8220;25px 15px 15px 15px&#8220; item_padding_600_768=&#8220;25px 15px 15px 15px&#8220; item_padding_480_600=&#8220;25px 15px 15px 15px&#8220; item_padding_480=&#8220;25px 15px 15px 15px&#8220;][vc_single_image image=&#8220;1099&#8243; img_size=&#8220;&#8220; alignment=&#8220;center&#8220; css=&#8220;&#8220; qode_css_animation=&#8220;element_from_fade&#8220; el_class=&#8220;pikto1&#8243;]<div class=\"q_counter_holder  center\" style=\"\" data-digit=\"500\"><span class=\"counter  zero\" style=\"color: #000000;font-size: 70px;font-weight: 600;\">500<\/span><p class=\"counter_text\" style=\"font-size: 20px;font-weight: 500;text-transform: none;color: #000000;\">Millionen Tonnen CO2<\/p><\/div>[vc_column_text css=&#8220;&#8220;]<\/p>\n<p style=\"text-align: center;\">im Jahr<\/p>\n<p>[\/vc_column_text][\/qode_elements_holder_item][\/qode_elements_holder][vc_empty_space height=&#8220;28px&#8220; el_class=&#8220;empty-del&#8220;]<div class='q_progress_bar'><h4 class='progress_title_holder clearfix' style='color: #111111;'><span class='progress_title'><span>Status<\/span><\/span><span class='progress_number' style='color: #000000;font-size: 20px;font-weight: 700;'><span>0<\/span>%<\/span><\/h4><div class='progress_content_outer' style='height: 24px;background-color: #ededed;'><div data-percentage='40' class='progress_content' style='height: 24px;background-color: #36d851;'><\/div><\/div><\/div>[vc_column_text css=&#8220;.vc_custom_1735393485314{padding-top: 35px !important;}&#8220;]<a  itemprop=\"url\" href=\"\/de\/projekt\/\" target=\"_self\" data-hover-background-color=\"#36D851\" class=\"qbutton  medium left default\" style=\"color: #ffffff; font-style: normal; font-weight: 400; background-color:#f2c709;\">Mehr erfahren<\/a>[\/vc_column_text][\/vc_column_inner][\/vc_row_inner][\/vc_column][\/vc_row][vc_row css_animation=&#8220;&#8220; row_type=&#8220;row&#8220; use_row_as_full_screen_section=&#8220;no&#8220; type=&#8220;grid&#8220; angled_section=&#8220;no&#8220; text_align=&#8220;left&#8220; background_image_as_pattern=&#8220;without_pattern&#8220; css=&#8220;.vc_custom_1732891263504{padding-top: 45px !important;padding-bottom: 45px !important;background-color: #ffffff !important;}&#8220; z_index=&#8220;&#8220; el_class=&#8220;shadowb1&#8243;][vc_column offset=&#8220;vc_col-lg-6 vc_col-md-6 vc_col-xs-12&#8243;][\/vc_column][vc_column][vc_empty_space height=&#8220;20px&#8220;][vc_empty_space height=&#8220;20px&#8220;][vc_row_inner row_type=&#8220;row&#8220; type=&#8220;full_width&#8220; text_align=&#8220;left&#8220; css_animation=&#8220;&#8220; anchor=&#8220;dragon&#8220; el_id=&#8220;dragon&#8220;][vc_column_inner width=&#8220;1\/4&#8243;][vc_empty_space height=&#8220;280px&#8220;][\/vc_column_inner][vc_column_inner width=&#8220;3\/4&#8243;][vc_column_text css=&#8220;&#8220;]<\/p>\n<h2 style=\"text-align: left;\"><span style=\"color: #000000;\">Leidenschaft Energiewende<\/span><\/h2>\n<p style=\"text-align: left;\"><span style=\"color: #000000;\">Unsere Vision ist eine Welt, in der erneuerbare Energien die Hauptquelle der Energieversorgung darstellen. Durch unsere Projekte und Initiativen einen Beitrag in der globalen Energiewende leisten um einen nachhaltigen, gr\u00fcnen Planeten f\u00fcr zuk\u00fcnftige Generationen zu sichern. <\/span><span style=\"color: #000000;\">Unser aktuelles Projekt ist ein wegweisendes Photovoltaik-Projekt in Jamu Mare, Rum\u00e4nien.<\/span><\/p>\n<p>[\/vc_column_text][vc_column_text css=&#8220;.vc_custom_1721813368605{padding-top: 35px !important;}&#8220;]<a  itemprop=\"url\" href=\"\/ueber-uns\/\" target=\"_self\" data-hover-background-color=\"#36D851\" class=\"qbutton  medium left default\" style=\"color: #ffffff; font-style: normal; font-weight: 400; background-color:#f2c709;\">Mehr erfahren<\/a>[\/vc_column_text][\/vc_column_inner][\/vc_row_inner][\/vc_column][\/vc_row][vc_row css_animation=&#8220;&#8220; row_type=&#8220;row&#8220; use_row_as_full_screen_section=&#8220;no&#8220; type=&#8220;grid&#8220; angled_section=&#8220;no&#8220; text_align=&#8220;left&#8220; background_image_as_pattern=&#8220;without_pattern&#8220; css=&#8220;.vc_custom_1721794957105{padding-bottom: 110px !important;background-color: #f2f2f2 !important;}&#8220; z_index=&#8220;&#8220;][vc_column css=&#8220;.vc_custom_1721794647652{padding-top: 20px !important;}&#8220;][vc_column_text css=&#8220;.vc_custom_1721705058149{padding-top: 25px !important;padding-bottom: 25px !important;}&#8220;]<\/p>\n<p style=\"text-align: center;\">Durch enge Zusammenarbeit mit renommierten Partnern weltweit gew\u00e4hrleisten wir h\u00f6chste Qualit\u00e4tsstandards und erfolgreiche Projektumsetzungen.<\/p>\n<p>[\/vc_column_text][vc_empty_space el_class=&#8220;empty-del&#8220;][vc_row_inner row_type=&#8220;row&#8220; type=&#8220;full_width&#8220; text_align=&#8220;left&#8220; css_animation=&#8220;&#8220;][vc_column_inner width=&#8220;1\/3&#8243;][vc_single_image image=&#8220;961&#8243; img_size=&#8220;full&#8220; alignment=&#8220;center&#8220; onclick=&#8220;custom_link&#8220; css=&#8220;.vc_custom_1734046686052{margin-bottom: 15px !important;}&#8220; qode_css_animation=&#8220;element_from_fade&#8220; transition_delay=&#8220;0.4&#8243; el_class=&#8220;shadow&#8220; link=&#8220;\/de\/ueber-uns\/#founders&#8220;][\/vc_column_inner][vc_column_inner width=&#8220;1\/3&#8243;][vc_single_image image=&#8220;962&#8243; img_size=&#8220;full&#8220; alignment=&#8220;center&#8220; onclick=&#8220;custom_link&#8220; css=&#8220;.vc_custom_1734046692945{margin-right: 0px !important;margin-bottom: 15px !important;border-right-width: 0px !important;padding-right: 0px !important;}&#8220; qode_css_animation=&#8220;element_from_fade&#8220; transition_delay=&#8220;0.8&#8243; el_class=&#8220;shadow&#8220; link=&#8220;\/de\/ueber-uns\/#founders&#8220;][\/vc_column_inner][vc_column_inner width=&#8220;1\/3&#8243;][vc_single_image image=&#8220;963&#8243; img_size=&#8220;full&#8220; alignment=&#8220;center&#8220; onclick=&#8220;custom_link&#8220; css=&#8220;.vc_custom_1734046698231{margin-bottom: 15px !important;}&#8220; qode_css_animation=&#8220;element_from_fade&#8220; transition_delay=&#8220;1.2&#8243; el_class=&#8220;shadow&#8220; link=&#8220;\/de\/ueber-uns\/#founders&#8220;][\/vc_column_inner][\/vc_row_inner][\/vc_column][\/vc_row]<\/p>\n<\/div>","protected":false},"excerpt":{"rendered":"<p>[vc_row css_animation=&#8220;&#8220; row_type=&#8220;row&#8220; use_row_as_full_screen_section=&#8220;no&#8220; type=&#8220;full_width&#8220; angled_section=&#8220;no&#8220; text_align=&#8220;left&#8220; background_image_as_pattern=&#8220;without_pattern&#8220; z_index=&#8220;&#8220;][vc_column][\/vc_column][\/vc_row][vc_row css_animation=&#8220;&#8220; row_type=&#8220;row&#8220; use_row_as_full_screen_section=&#8220;no&#8220; type=&#8220;full_width&#8220; angled_section=&#8220;no&#8220; text_align=&#8220;left&#8220; background_image_as_pattern=&#8220;with_pattern&#8220; z_index=&#8220;&#8220; el_id=&#8220;project&#8220; anchor=&#8220;project&#8220; css=&#8220;.vc_custom_1734947138133{padding-top: 110px !important;padding-bottom: 110px !important;}&#8220; background_image=&#8220;1845&#8243;][vc_column][vc_row_inner row_type=&#8220;row&#8220; type=&#8220;grid&#8220; text_align=&#8220;left&#8220; css_animation=&#8220;&#8220;][vc_column_inner width=&#8220;1\/4&#8243;&#8230;<\/p>\n","protected":false},"author":1,"featured_media":0,"parent":0,"menu_order":0,"comment_status":"closed","ping_status":"closed","template":"full_width.php","meta":{"footnotes":""},"class_list":["post-655","page","type-page","status-publish","hentry"],"_links":{"self":[{"href":"https:\/\/www.dragonnewenergy.com\/de\/wp-json\/wp\/v2\/pages\/655","targetHints":{"allow":["GET"]}}],"collection":[{"href":"https:\/\/www.dragonnewenergy.com\/de\/wp-json\/wp\/v2\/pages"}],"about":[{"href":"https:\/\/www.dragonnewenergy.com\/de\/wp-json\/wp\/v2\/types\/page"}],"author":[{"embeddable":true,"href":"https:\/\/www.dragonnewenergy.com\/de\/wp-json\/wp\/v2\/users\/1"}],"replies":[{"embeddable":true,"href":"https:\/\/www.dragonnewenergy.com\/de\/wp-json\/wp\/v2\/comments?post=655"}],"version-history":[{"count":139,"href":"https:\/\/www.dragonnewenergy.com\/de\/wp-json\/wp\/v2\/pages\/655\/revisions"}],"predecessor-version":[{"id":1994,"href":"https:\/\/www.dragonnewenergy.com\/de\/wp-json\/wp\/v2\/pages\/655\/revisions\/1994"}],"wp:attachment":[{"href":"https:\/\/www.dragonnewenergy.com\/de\/wp-json\/wp\/v2\/media?parent=655"}],"curies":[{"name":"wp","href":"https:\/\/api.w.org\/{rel}","templated":true}]}}