{"id":128,"date":"2017-10-18T14:26:57","date_gmt":"2017-10-18T14:26:57","guid":{"rendered":"http:\/\/bridge96.qodeinteractive.com\/?page_id=128"},"modified":"2025-02-13T16:55:28","modified_gmt":"2025-02-13T15:55:28","slug":"ueber-uns","status":"publish","type":"page","link":"https:\/\/www.dragonnewenergy.com\/de\/ueber-uns\/","title":{"rendered":"\u00dcber uns"},"content":{"rendered":"<div class=\"wpb-content-wrapper\"><p>[vc_row css_animation=&#8220;&#8220; row_type=&#8220;row&#8220; use_row_as_full_screen_section=&#8220;no&#8220; type=&#8220;full_width&#8220; angled_section=&#8220;no&#8220; text_align=&#8220;left&#8220; background_image_as_pattern=&#8220;without_pattern&#8220;][vc_column]\n\t\t\t\t<p class=\"rs-p-wp-fix\"><\/p>\n\t\t\t\t<sr7-module data-alias=\"slider-about-1\" data-id=\"15\" id=\"SR7_15_1\" class=\"rs-ov-hidden\" data-version=\"6.7.51\">\n\t\t\t\t\t<sr7-adjuster><\/sr7-adjuster>\n\t\t\t\t\t<sr7-content>\n\t\t\t\t\t\t<sr7-slide id=\"SR7_15_1-32\" data-key=\"32\">\n\t\t\t\t\t\t\t<sr7-bg id=\"SR7_15_1-32-1\" class=\"sr7-layer\"><noscript><img decoding=\"async\" src=\"https:\/\/www.dragonnewenergy.com\/wp-content\/uploads\/Referenzbild-3.jpg\" alt=\"\" title=\"Referenzbild-3\"><\/noscript><\/sr7-bg>\n\t\t\t\t\t\t<\/sr7-slide>\n\t\t\t\t\t\t<sr7-slide id=\"SR7_15_1-65\" data-key=\"65\">\n\t\t\t\t\t\t<\/sr7-slide>\n\t\t\t\t\t<\/sr7-content>\n\t\t\t\t\t<image_lists style=\"display:none\">\n\t\t\t\t\t\t<img data-src=\"\/\/www.dragonnewenergy.com\/wp-content\/uploads\/Referenzbild-3.jpg\" data-libid=\"1991\" data-lib=\"medialibrary\" title=\"Referenzbild-3\" width=\"0\" height=\"0\" data-dbsrc=\"Ly93d3cuZHJhZ29ubmV3ZW5lcmd5LmNvbS93cC1jb250ZW50L3VwbG9hZHMvUmVmZXJlbnpiaWxkLTMuanBn\"\/>\n\t\t\t\t\t<\/image_lists>\n\t\t\t\t<\/sr7-module>\n\t\t\t\t<script>\n\t\t\t\t\twindow.SR7 ??={};SR7.PMH ??={}; SR7.PMH[\"SR7_15_1\"] = {cn:100,state:false,fn: function() { if (window._tpt!==undefined && window._tpt.prepareModuleHeight !== undefined) {  _tpt.prepareModuleHeight({id:\"SR7_15_1\",el:[600,600,768,960,720],type:'standard',shdw:'0',gh:[600,600,700,1000,720],gw:[1240,1240,1024,778,480],vpt:['-100px&#039;,&#039;-100px&#039;,&#039;-100px&#039;,&#039;-100px&#039;,&#039;-100px'],size:{fullWidth:false, fullHeight:false},mh:'0',onh:0,onw:0,bg:{color:'{\"type\":\"solid\",\"orig\":\"#ffcc00\",\"string\":\"rgba(255, 204, 0, 1)\"}'}});   SR7.PMH[\"SR7_15_1\"].state=true;} else if(SR7.PMH[\"SR7_15_1\"].cn-->0)\tsetTimeout( SR7.PMH[\"SR7_15_1\"].fn,19);}};SR7.PMH[\"SR7_15_1\" ].fn();\n\t\t\t\t<\/script>\n[\/vc_column][\/vc_row][vc_row css_animation=&#8220;&#8220; row_type=&#8220;row&#8220; use_row_as_full_screen_section=&#8220;no&#8220; type=&#8220;full_width&#8220; angled_section=&#8220;no&#8220; text_align=&#8220;left&#8220; background_image_as_pattern=&#8220;with_pattern&#8220; z_index=&#8220;&#8220; background_image=&#8220;1845&#8243; css=&#8220;.vc_custom_1739461491195{padding-top: 150px !important;padding-bottom: 150px !important;}&#8220;][vc_column width=&#8220;1\/6&#8243;][\/vc_column][vc_column width=&#8220;2\/3&#8243; css=&#8220;.vc_custom_1739461420111{padding-top: 75px !important;padding-bottom: 25px !important;background-color: #FFFFFF !important;}&#8220; el_class=&#8220;shadowb1&#8243;][vc_single_image image=&#8220;677&#8243; img_size=&#8220;full&#8220; alignment=&#8220;center&#8220; css=&#8220;&#8220; qode_css_animation=&#8220;element_from_fade&#8220;][vc_column_text css=&#8220;.vc_custom_1739461334014{padding-top: 5px !important;padding-right: 50px !important;padding-bottom: 50px !important;padding-left: 50px !important;background-color: #ffffff !important;}&#8220;]<\/p>\n<p style=\"text-align: center;\">Unsere Vision ist eine Welt, in der erneuerbare Energien die Hauptquelle der Energieversorgung darstellen. Durch unsere Projekte und Initiativen einen Beitrag in der globalen Energiewende leisten um einen nachhaltigen, gr\u00fcnen Planeten f\u00fcr zuk\u00fcnftige Generationen zu sichern. Unser aktuelles Projekt ist ein wegweisendes Photovoltaik-Projekt in Jamu Mare, Rum\u00e4nien.<\/p>\n<p>[\/vc_column_text][\/vc_column][vc_column width=&#8220;1\/6&#8243;][\/vc_column][\/vc_row][vc_row css_animation=&#8220;&#8220; row_type=&#8220;row&#8220; use_row_as_full_screen_section=&#8220;no&#8220; type=&#8220;full_width&#8220; angled_section=&#8220;no&#8220; text_align=&#8220;left&#8220; video=&#8220;show_video&#8220; background_image_as_pattern=&#8220;with_pattern&#8220; z_index=&#8220;&#8220; background_image=&#8220;1021&#8243; css=&#8220;.vc_custom_1739461670510{padding-top: 150px !important;padding-bottom: 150px !important;}&#8220; video_mp4=&#8220;https:\/\/www.dragonnewenergy.com\/wp-content\/uploads\/3519561565-preview.mp4&#8243; video_image=&#8220;1021&#8243;][vc_column width=&#8220;1\/6&#8243;][\/vc_column][vc_column width=&#8220;2\/3&#8243; css=&#8220;.vc_custom_1739461733640{background-color: #FFFFFF !important;}&#8220; el_class=&#8220;shadowb1&#8243;][vc_column_text css=&#8220;.vc_custom_1739461880229{padding-top: 4% !important;padding-right: 6% !important;padding-bottom: 7% !important;padding-left: 6% !important;background-color: #ffffff !important;}&#8220;]<\/p>\n<p style=\"text-align: left;\">F\u00dcR EINE GR\u00dcNERE ZUKUNFT \u2013 HAND IN HAND MIT DER FAMILIE ZIMMERMANN<\/p>\n<p style=\"text-align: left;\"><strong>Rum\u00e4nien &#8211; mit Banat Solar in die Zukunft<\/strong><\/p>\n<p style=\"text-align: left;\">Mit 800 Gigawattstunden Sonnenenergie im Jahr werden wir ca. 200.000 Haushalte mit erneuerbarem Strom versorgen und dabei ca. 500 Millionen Tonnen CO2 einsparen.<\/p>\n<p style=\"text-align: left;\">Die Familie Zimmermann pr\u00e4gt seit \u00fcber 20 Jahren das landwirtschaftliche Bild im malerischen Banat. Mit klarem Fokus auf Nachhaltigkeit und Ressourcenschonung haben sie in ihrem Unternehmen banat farming durch modernste Landtechnik und innovative Anbaumethoden \u00fcber 7.000 Hektar Brachland erfolgreich in fruchtbare Ackerlandschaften verwandelt.<\/p>\n<p style=\"text-align: left;\">Die Zimmermanns sind bereit, neue Ziele zu setzen und \u00fcbernehmen Verantwortung f\u00fcr das Wachstum, das die Zukunft der Menschen und der Region sichert. Mit den positiven Erfahrungen aus der Vergangenheit hat sich der Familienbetrieb entschlossen mit banat solar jamu mare einen weiteren Schritt in Richtung nachhaltige Entwicklung zu gehen.<\/p>\n<p style=\"text-align: left;\">Um diese Vision erfolgreich umzusetzen, hat sich die Familie im Jahr 2022 zwei starke Partner gesucht und die dragon new energy holding GmbH gegr\u00fcndet. Die drei Gr\u00fcnder kombinieren den Zugang zu geeigneten, zusammenh\u00e4ngenden Fl\u00e4chen, die F\u00e4higkeit zur Beschaffung der notwendigen Anlagen, die Kompetenz zur Entwicklung und dem Bau der Anlage sowie der Vermarktung des erzeugten Stroms. Durch die B\u00fcndelung ihrer St\u00e4rken entstand ein Unternehmen, das in der Lage ist, ein Projekt dieser Gr\u00f6\u00dfenordnung erfolgreich umzusetzen. Ziel ist es, landwirtschaftlich geringwertiges Land in der Region f\u00fcr die Photovoltaik-Produktion zu nutzen.<\/p>\n<p style=\"text-align: left;\">Wichtige Meilensteine wurden bereits erreicht:<\/p>\n<ul style=\"text-align: left;\">\n<li>Langfristige Pachtvertr\u00e4ge bis 2063 f\u00fcr fast 800 Hektar Land<\/li>\n<\/ul>\n<ul style=\"text-align: left;\">\n<li>Topografische und Pedologische Studien haben ergeben, dass die Fl\u00e4chen f\u00fcr Solarparks sehr geeignet sind<\/li>\n<li>Landplanungszertifikate wurden erfolgreich ausgestellt<\/li>\n<li>Der Antrag auf Netzanschluss wurde eingereicht<\/li>\n<li>Erste Layouts und eine grobe Planung sehen ca. 700 MWp DC und 525 MWp AC bei einem Gesamtinvestitionsvolumen von ca. 400 Mio. Euro vor<\/li>\n<\/ul>\n<p style=\"text-align: left;\">Gemeinsam k\u00f6nnen wir die Vision einer umweltfreundlichen und wirtschaftlich stabilen Region verwirklichen. Der Zeitgeist in Rum\u00e4nien ist genau richtig, um Opportunit\u00e4ten zu nutzen und Vorreiter zu werden.<\/p>\n<p>[\/vc_column_text][\/vc_column][vc_column width=&#8220;1\/6&#8243;][\/vc_column][\/vc_row][vc_row css_animation=&#8220;&#8220; row_type=&#8220;row&#8220; use_row_as_full_screen_section=&#8220;no&#8220; type=&#8220;full_width&#8220; angled_section=&#8220;no&#8220; text_align=&#8220;left&#8220; background_image_as_pattern=&#8220;with_pattern&#8220; css=&#8220;.vc_custom_1736134218131{background-color: #f2f2f2 !important;background-position: 0 0 !important;background-repeat: repeat !important;}&#8220; row_title=&#8220;firmen&#8220; anchor=&#8220;founders&#8220; z_index=&#8220;&#8220; background_image=&#8220;1841&#8243; el_id=&#8220;founders&#8220; el_class=&#8220;bgposm15&#8243;][vc_column css=&#8220;.vc_custom_1733712632776{padding-top: 20px !important;padding-bottom: 20px !important;}&#8220;][vc_empty_space el_class=&#8220;empty-del&#8220;][vc_empty_space el_class=&#8220;empty-del&#8220;][vc_empty_space el_class=&#8220;empty-del&#8220;][vc_empty_space el_class=&#8220;empty-del&#8220;][vc_row_inner row_type=&#8220;row&#8220; type=&#8220;grid&#8220; text_align=&#8220;left&#8220; css_animation=&#8220;&#8220; css=&#8220;.vc_custom_1736133890819{background-position: 0 0 !important;background-repeat: repeat !important;}&#8220; anchor=&#8220;founders&#8220;][vc_column_inner el_class=&#8220;parto1 shadowb1&#8243; width=&#8220;1\/3&#8243; css=&#8220;.vc_custom_1736133091654{margin-top: 0px !important;margin-right: 0px !important;margin-left: 0px !important;padding-top: 0px !important;padding-right: 0px !important;padding-bottom: 25px !important;padding-left: 0px !important;}&#8220;][vc_single_image image=&#8220;961&#8243; img_size=&#8220;full&#8220; alignment=&#8220;center&#8220; css=&#8220;.vc_custom_1736211183759{padding-top: 20px !important;}&#8220; qode_css_animation=&#8220;element_from_fade&#8220; transition_delay=&#8220;0.4&#8243; el_class=&#8220;shadow partpic1&#8243;][vc_column_text css=&#8220;.vc_custom_1733870104420{margin-right: 2px !important;margin-left: 2px !important;padding-top: 0px !important;padding-right: 22px !important;padding-bottom: 16px !important;padding-left: 22px !important;}&#8220; el_class=&#8220;part1&#8243;]Unsere Kompetenz sch\u00f6pfen wir aus jahrzehntelanger internationaler, eigenverantwortlicher F\u00fchrung von Unternehmen in den Bereichen Logistik, IT- und Finanzdienstleistungen, Lebensmittel, Gro\u00df- und Einzelhandel, Gastronomie und der Betreibung von Gewerbeimmobilien. Unsere fundierten Kenntnisse auf den Gebieten der Finanzm\u00e4rkte und der Kapitalbeschaffung bilden die Grundlage f\u00fcr gewinnbringende, zukunftsorientierte Projekte.[\/vc_column_text][\/vc_column_inner][vc_column_inner el_class=&#8220;parto1 shadowb1&#8243; width=&#8220;1\/3&#8243; css=&#8220;.vc_custom_1733712063639{padding-bottom: 25px !important;background-color: #FFFFFF !important;}&#8220;][vc_single_image image=&#8220;962&#8243; img_size=&#8220;full&#8220; alignment=&#8220;center&#8220; css=&#8220;&#8220; qode_css_animation=&#8220;element_from_fade&#8220; transition_delay=&#8220;0.8&#8243; el_class=&#8220;shadow&#8220;][vc_column_text css=&#8220;.vc_custom_1733870109405{margin-right: 2px !important;margin-left: 2px !important;padding-top: 0px !important;padding-right: 22px !important;padding-bottom: 16px !important;padding-left: 22px !important;}&#8220; el_class=&#8220;part1&#8243;]FAMOUS entwickelt und realisiert seit \u00fcber 30 Jahren erfolgreich Projekte mit chinesischen Unternehmen und hat in dieser Zeit auch international bekannte Projekte durchgef\u00fchrt, wie beispielsweise die Verlagerung der gesamten Kokerei Kaiserstuhl nach China. FAMOUS unterst\u00fctzt derzeit chinesische Energieunternehmen beim Aufbau erneuerbarer Energieprojekte in Europa. Dabei handelt es sich um Gro\u00dfprojekte, bei denen die chinesischen Partner das Engineering, die Beschaffung, den Bau und die Finanzierung beisteuern.[\/vc_column_text][\/vc_column_inner][vc_column_inner el_class=&#8220;parto1 shadowb1&#8243; width=&#8220;1\/3&#8243; css=&#8220;.vc_custom_1733712065905{padding-bottom: 25px !important;background-color: #FFFFFF !important;}&#8220;][vc_single_image image=&#8220;963&#8243; img_size=&#8220;full&#8220; alignment=&#8220;center&#8220; css=&#8220;&#8220; qode_css_animation=&#8220;element_from_fade&#8220; transition_delay=&#8220;1.2&#8243; el_class=&#8220;shadow&#8220;][vc_column_text css=&#8220;.vc_custom_1735392724699{margin-right: 2px !important;margin-left: 2px !important;padding-top: 0px !important;padding-right: 22px !important;padding-bottom: 16px !important;padding-left: 22px !important;}&#8220; el_class=&#8220;part1 shadow1&#8243;]Mit Ihrem Gr\u00fcnder und Gesch\u00e4ftsf\u00fchrer Michael Veit steht wavecapital seit fast 20 Jahren f\u00fcr Kompetenz in der Energiewirtschaft mit Fokus auf Business Development und Vertrieb. Michael hat 12 Jahre lang als Gesch\u00e4ftsf\u00fchrer und Vorstand in unterschiedlichen Energieversorgern in Deutschland gearbeitet, darunter als Prokurist und Gesch\u00e4ftsf\u00fchrer im SWK St\u00e4dtische Werke Krefeld Konzern, als Vertriebsvorstand bei TEAG und zuletzt als CRO bei LEAG. Die anderen 8 Jahre war er als Unternehmensberater verschiedener Firmen t\u00e4tig, zuletzt als Partner bei Capgemini Invent. In dieser Rolle hat er Energieversorger in den Bereichen Digitalisierung und Vertrieb beraten. Michael \u00fcbernimmt bei Dragon und Banat die operative Gesch\u00e4ftsf\u00fchrung und Projektleitung.[\/vc_column_text][\/vc_column_inner][\/vc_row_inner][vc_empty_space el_class=&#8220;empty-del&#8220;][vc_empty_space el_class=&#8220;empty-del&#8220;][vc_empty_space el_class=&#8220;empty-del&#8220;][vc_empty_space el_class=&#8220;empty-del&#8220;][\/vc_column][\/vc_row][vc_row css_animation=&#8220;&#8220; row_type=&#8220;row&#8220; use_row_as_full_screen_section=&#8220;no&#8220; type=&#8220;full_width&#8220; angled_section=&#8220;no&#8220; text_align=&#8220;center&#8220; background_image_as_pattern=&#8220;without_pattern&#8220; z_index=&#8220;&#8220; css=&#8220;.vc_custom_1733871103690{background-color: #F7F7F7 !important;}&#8220;][vc_column]\n\t\t\t\t<p class=\"rs-p-wp-fix\"><\/p>\n\t\t\t\t<sr7-module data-alias=\"slider-partner-1\" data-id=\"17\" id=\"SR7_17_2\" class=\"rs-ov-hidden\" data-version=\"6.7.51\">\n\t\t\t\t\t<sr7-adjuster><\/sr7-adjuster>\n\t\t\t\t\t<sr7-content>\n\t\t\t\t\t\t<sr7-carousel>\n\t\t\t\t\t\t<sr7-slide id=\"SR7_17_2-37\" data-key=\"37\">\n\t\t\t\t\t\t\t<sr7-txt id=\"SR7_17_2-37-5\" class=\"sr7-layer\">Energy Partners ist ein Team von Fachleuten mit umfassender Erfahrung in der Entwicklung, Planung und technischen Umsetzung von Projekten im Bereich erneuerbare Energien, der Strukturierung von Gesch\u00e4ftsabschl\u00fcssen, der Bereitstellung von Finanzierungsl\u00f6sungen sowie im regulatorischen Marktumfeld in Rum\u00e4nien.<\/sr7-txt>\n\t\t\t\t\t\t<\/sr7-slide>\n\t\t\t\t\t\t<sr7-slide id=\"SR7_17_2-38\" data-key=\"38\">\n\t\t\t\t\t\t\t<sr7-txt id=\"SR7_17_2-38-5\" class=\"sr7-layer\">Fiodorov & Partners (AFP) ist eine spezialisierte Anwaltskanzlei, die aus einem Team hochqualifizierter Fachleute besteht und eine umfassende Palette von juristischen Dienstleistungen anbietet, die pr\u00e4zise und effizient auf die Bed\u00fcrfnisse der Mandanten zugeschnitten sind. Die Kanzlei verf\u00fcgt \u00fcber Expertise in der Strukturierung und Verhandlung von Transaktionen sowie in der Vertretung von Mandanten vor Gericht und gegen\u00fcber \u00f6ffentlichen Beh\u00f6rden. Am 20. September 2024 wurde AFP bei der Romanian Legal Awards Gala mit dem renommierten Energy Award ausgezeichnet, was die Exzellenz der Kanzlei im Energierecht anerkennt. Diese Auszeichnung spiegelt das Engagement der Kanzlei wider, den rechtlichen Rahmen Rum\u00e4niens in den Bereichen Energie und Nachhaltigkeit zu verbessern.<\/sr7-txt>\n\t\t\t\t\t\t<\/sr7-slide>\n\t\t\t\t\t\t<sr7-slide id=\"SR7_17_2-67\" data-key=\"67\">\n\t\t\t\t\t\t<\/sr7-slide>\n\t\t\t\t\t\t<\/sr7-carousel>\n\t\t\t\t\t<\/sr7-content>\n\t\t\t\t\t<image_lists style=\"display:none\">\n\t\t\t\t\t\t<img data-src=\"\/\/www.dragonnewenergy.com\/wp-content\/uploads\/solar_panel_seamless_texture_clean4.jpg\" width=\"0\" height=\"0\" data-dbsrc=\"Ly93d3cuZHJhZ29ubmV3ZW5lcmd5LmNvbS93cC1jb250ZW50L3VwbG9hZHMvc29sYXJfcGFuZWxfc2VhbWxlc3NfdGV4dHVyZV9jbGVhbjQuanBn\"\/>\n\t\t\t\t\t\t<img data-src=\"\/\/www.dragonnewenergy.com\/wp-content\/uploads\/partner_zm3.png\" data-libid=\"961\" data-lib=\"medialibrary\" title=\"Zimmermann Investment\" width=\"0\" height=\"0\" data-dbsrc=\"Ly93d3cuZHJhZ29ubmV3ZW5lcmd5LmNvbS93cC1jb250ZW50L3VwbG9hZHMvcGFydG5lcl96bTMucG5n\"\/>\n\t\t\t\t\t\t<img data-src=\"\/\/www.dragonnewenergy.com\/wp-content\/uploads\/partner_famous2.png\" data-libid=\"962\" data-lib=\"medialibrary\" title=\"FAMOUS Germany\" width=\"0\" height=\"0\" data-dbsrc=\"Ly93d3cuZHJhZ29ubmV3ZW5lcmd5LmNvbS93cC1jb250ZW50L3VwbG9hZHMvcGFydG5lcl9mYW1vdXMyLnBuZw==\"\/>\n\t\t\t\t\t\t<img data-src=\"\/\/www.dragonnewenergy.com\/wp-content\/uploads\/partner_wavecap2.png\" data-libid=\"963\" data-lib=\"medialibrary\" title=\"Wavecapital\" width=\"0\" height=\"0\" data-dbsrc=\"Ly93d3cuZHJhZ29ubmV3ZW5lcmd5LmNvbS93cC1jb250ZW50L3VwbG9hZHMvcGFydG5lcl93YXZlY2FwMi5wbmc=\"\/>\n\t\t\t\t\t\t<img data-src=\"\/\/www.dragonnewenergy.com\/wp-content\/uploads\/energy-partners-logo4.png\" data-libid=\"1092\" data-lib=\"medialibrary\" title=\"Energy Partners\" width=\"0\" height=\"0\" data-dbsrc=\"Ly93d3cuZHJhZ29ubmV3ZW5lcmd5LmNvbS93cC1jb250ZW50L3VwbG9hZHMvZW5lcmd5LXBhcnRuZXJzLWxvZ280LnBuZw==\"\/>\n\t\t\t\t\t\t<img data-src=\"\/\/www.dragonnewenergy.com\/wp-content\/uploads\/Fiodorov-and-Partners-Logo-Bg-Transparent.png\" data-libid=\"1093\" data-lib=\"medialibrary\" title=\"Fiodorov and Partners\" width=\"0\" height=\"0\" data-dbsrc=\"Ly93d3cuZHJhZ29ubmV3ZW5lcmd5LmNvbS93cC1jb250ZW50L3VwbG9hZHMvRmlvZG9yb3YtYW5kLVBhcnRuZXJzLUxvZ28tQmctVHJhbnNwYXJlbnQucG5n\"\/>\n\t\t\t\t\t<\/image_lists>\n\t\t\t\t<\/sr7-module>\n\t\t\t\t<script>\n\t\t\t\t\twindow.SR7 ??={};SR7.PMH ??={}; SR7.PMH[\"SR7_17_2\"] = {cn:100,state:false,fn: function() { if (window._tpt!==undefined && window._tpt.prepareModuleHeight !== undefined) {  _tpt.prepareModuleHeight({id:\"SR7_17_2\",el:[550,550,650,1200,1000],type:'carousel',shdw:'0',gh:[550,550,850,1300,1000],gw:[1400,1400,1024,778,480],vpt:['-100px&#039;,&#039;-100px&#039;,&#039;-100px&#039;,&#039;-100px&#039;,&#039;-100px'],size:{fullWidth:true, fullHeight:false},mh:'0',onh:0,onw:0,bg:{color:'{\"orig\":\"transparent\",\"type\":\"solid\",\"string\":\"transparent\"}',image:{src:'https:\/\/www.dragonnewenergy.com\/wp-content\/uploads\/solar_panel_seamless_texture_clean4.jpg',size:'normal',position:'0% 0%',repeat:'repeat'}},carousel:{pt:'150',pb:'150'}});   SR7.PMH[\"SR7_17_2\"].state=true;} else if(SR7.PMH[\"SR7_17_2\"].cn-->0)\tsetTimeout( SR7.PMH[\"SR7_17_2\"].fn,19);}};SR7.PMH[\"SR7_17_2\" ].fn();\n\t\t\t\t<\/script>\n[\/vc_column][\/vc_row][vc_row css_animation=&#8220;&#8220; row_type=&#8220;row&#8220; use_row_as_full_screen_section=&#8220;no&#8220; type=&#8220;grid&#8220; angled_section=&#8220;no&#8220; text_align=&#8220;left&#8220; background_image_as_pattern=&#8220;without_pattern&#8220; z_index=&#8220;&#8220;][vc_column][vc_column_text css=&#8220;.vc_custom_1735393340331{margin-top: 35px !important;padding-top: 2% !important;padding-right: 1% !important;padding-bottom: 0px !important;padding-left: 1% !important;background-color: #ffffff !important;}&#8220;]<\/p>\n<h2 style=\"text-align: left;\">Seien Sie Teil dieser Erfolgsgeschichte!<\/h2>\n<p style=\"text-align: left;\">Die Partner laden Sie ein, Teil dieser bemerkenswerten Reise zu werden. Unterst\u00fctzen Sie die Entwicklung erneuerbarer Energien in Banat. Gemeinsam k\u00f6nnen wir eine bessere Zukunft f\u00fcr kommende Generationen gestalten \u2013 eine Zukunft, die auf Respekt f\u00fcr die Natur und die Gemeinschaft basiert. Lassen Sie uns zusammenarbeiten, um die Vision von einer umweltfreundlichen und wirtschaftlich stabilen Region zu verwirklichen.<\/p>\n<p style=\"text-align: left;\">Wir freuen uns auf die Zusammenarbeit!<\/p>\n<p>[\/vc_column_text][vc_column_text css=&#8220;.vc_custom_1735393402462{margin-top: 0px !important;padding-top: 35px !important;padding-right: 1% !important;padding-bottom: 5% !important;padding-left: 1% !important;background-color: #ffffff !important;}&#8220;]<a  itemprop=\"url\" href=\"\/de\/kontakt\/\" target=\"_self\" data-hover-background-color=\"#36D851\" class=\"qbutton  medium left default\" style=\"color: #ffffff; font-style: normal; font-weight: 400; background-color:#f2c709;\">Kontakt<\/a>[\/vc_column_text][\/vc_column][\/vc_row]<\/p>\n<\/div>","protected":false},"excerpt":{"rendered":"<p>[vc_row css_animation=&#8220;&#8220; row_type=&#8220;row&#8220; use_row_as_full_screen_section=&#8220;no&#8220; type=&#8220;full_width&#8220; angled_section=&#8220;no&#8220; text_align=&#8220;left&#8220; background_image_as_pattern=&#8220;without_pattern&#8220;][vc_column][\/vc_column][\/vc_row][vc_row css_animation=&#8220;&#8220; row_type=&#8220;row&#8220; use_row_as_full_screen_section=&#8220;no&#8220; type=&#8220;full_width&#8220; angled_section=&#8220;no&#8220; text_align=&#8220;left&#8220; background_image_as_pattern=&#8220;with_pattern&#8220; z_index=&#8220;&#8220; background_image=&#8220;1845&#8243; css=&#8220;.vc_custom_1739461491195{padding-top: 150px !important;padding-bottom: 150px !important;}&#8220;][vc_column width=&#8220;1\/6&#8243;][\/vc_column][vc_column width=&#8220;2\/3&#8243; css=&#8220;.vc_custom_1739461420111{padding-top: 75px !important;padding-bottom: 25px !important;background-color: #FFFFFF&#8230;<\/p>\n","protected":false},"author":1,"featured_media":0,"parent":0,"menu_order":0,"comment_status":"closed","ping_status":"closed","template":"full_width.php","meta":{"footnotes":""},"class_list":["post-128","page","type-page","status-publish","hentry"],"_links":{"self":[{"href":"https:\/\/www.dragonnewenergy.com\/de\/wp-json\/wp\/v2\/pages\/128","targetHints":{"allow":["GET"]}}],"collection":[{"href":"https:\/\/www.dragonnewenergy.com\/de\/wp-json\/wp\/v2\/pages"}],"about":[{"href":"https:\/\/www.dragonnewenergy.com\/de\/wp-json\/wp\/v2\/types\/page"}],"author":[{"embeddable":true,"href":"https:\/\/www.dragonnewenergy.com\/de\/wp-json\/wp\/v2\/users\/1"}],"replies":[{"embeddable":true,"href":"https:\/\/www.dragonnewenergy.com\/de\/wp-json\/wp\/v2\/comments?post=128"}],"version-history":[{"count":65,"href":"https:\/\/www.dragonnewenergy.com\/de\/wp-json\/wp\/v2\/pages\/128\/revisions"}],"predecessor-version":[{"id":1941,"href":"https:\/\/www.dragonnewenergy.com\/de\/wp-json\/wp\/v2\/pages\/128\/revisions\/1941"}],"wp:attachment":[{"href":"https:\/\/www.dragonnewenergy.com\/de\/wp-json\/wp\/v2\/media?parent=128"}],"curies":[{"name":"wp","href":"https:\/\/api.w.org\/{rel}","templated":true}]}}